{"id":1989,"date":"2020-04-03T12:52:09","date_gmt":"2020-04-03T12:52:09","guid":{"rendered":"https:\/\/icitech.webs.upv.es\/?page_id=1989"},"modified":"2024-06-27T10:08:44","modified_gmt":"2024-06-27T10:08:44","slug":"news","status":"publish","type":"page","link":"https:\/\/icitech.webs.upv.es\/index.php\/en\/home-2\/news\/","title":{"rendered":"News"},"content":{"rendered":"<div><ss3-force-full-width data-overflow-x=\"body\" data-horizontal-selector=\"body\"><div class=\"n2-section-smartslider fitvidsignore \" data-ssid=\"17\" tabindex=\"0\" role=\"region\" aria-label=\"Slider\"><div id=\"n2-ss-17-align\" class=\"n2-ss-align\"><div class=\"n2-padding\"><div id=\"n2-ss-17\" data-creator=\"Smart Slider 3\" data-responsive=\"fullwidth\" class=\"n2-ss-slider n2-ow n2-has-hover n2notransition  \">\n        <div class=\"n2-ss-slider-1 n2_ss__touch_element n2-ow\">\n            <div class=\"n2-ss-slider-2 n2-ow\">\n                                                <div class=\"n2-ss-slider-3 n2-ow\">\n\n                    <div class=\"n2-ss-slide-backgrounds n2-ow-all\"><div class=\"n2-ss-slide-background\" data-public-id=\"1\" data-mode=\"fill\"><div class=\"n2-ss-slide-background-image\" data-blur=\"0\" data-opacity=\"100\" data-x=\"50\" data-y=\"50\" data-alt=\"\" data-title=\"\"><picture class=\"skip-lazy\" data-skip-lazy=\"1\"><img decoding=\"async\" src=\"\/\/icitech.webs.upv.es\/wp-content\/uploads\/2020\/04\/1-IMG_1797-scaled.jpg\" alt=\"\" title=\"\" loading=\"lazy\" class=\"skip-lazy\" data-skip-lazy=\"1\"><\/picture><\/div><div data-color=\"RGBA(255,255,255,0)\" style=\"background-color: RGBA(255,255,255,0);\" class=\"n2-ss-slide-background-color\"><\/div><\/div><\/div>                    <div class=\"n2-ss-slider-4 n2-ow\">\n                        <svg xmlns=\"http:\/\/www.w3.org\/2000\/svg\" viewBox=\"0 0 1200 200\" data-related-device=\"desktopPortrait\" class=\"n2-ow n2-ss-preserve-size n2-ss-preserve-size--slider n2-ss-slide-limiter\"><\/svg><div data-first=\"1\" data-slide-duration=\"0\" data-id=\"23\" data-slide-public-id=\"1\" data-title=\"noticias\" class=\"n2-ss-slide n2-ow  n2-ss-slide-23\"><div role=\"note\" class=\"n2-ss-slide--focus\" tabindex=\"-1\">noticias<\/div><div class=\"n2-ss-layers-container n2-ss-slide-limiter n2-ow\"><div class=\"n2-ss-layer n2-ow n-uc-nXGxK9IdtBEm\" data-sstype=\"slide\" data-pm=\"default\"><\/div><\/div><\/div>                    <\/div>\n\n                                    <\/div>\n            <\/div>\n        <\/div>\n        <\/div><ss3-loader><\/ss3-loader><\/div><\/div><div class=\"n2_clear\"><\/div><\/div><\/ss3-force-full-width><\/div>\n\n\n<div style=\"height:80px\" aria-hidden=\"true\" class=\"wp-block-spacer\"><\/div>\n\n\n\n<h1 class=\"wp-block-heading has-text-align-center has-vivid-red-color has-text-color\"><strong>NEWS<\/strong><\/h1>\n\n\n\n<div style=\"height:20px\" aria-hidden=\"true\" class=\"wp-block-spacer\"><\/div>\n\n\n\r\n\t\t<div class=\"sp_wpspwpost_static wpspw-design-2 wpspw-grid-2 wpspw-clearfix \">\r\n\r\n\t\t\t\r\n<div class=\"wpspw-post-grid wpspw-medium-6 wpspw-columns first\">\r\n\t<div class=\"wpspw-post-grid-content  \">\r\n\r\n\t\t\t\t\t<div class=\"wpspw-post-image-bg\">\r\n\t\t\t\t<a href=\"https:\/\/icitech.webs.upv.es\/index.php\/en\/icitech-researchers-test-under-severe-fire-conditions-an-innovative-demountable-connection-system-for-hybrid-steel-timber-floors\/6263\/uncategorized\/04\/02\/\">\r\n\t\t\t\t\t<img decoding=\"async\" src=\"https:\/\/icitech.webs.upv.es\/wp-content\/uploads\/2026\/04\/WhatsApp-Image-2026-04-02-at-10.05.56.jpeg\" alt=\"ICITECH RESEARCHERS TEST UNDER SEVERE FIRE CONDITIONS AN INNOVATIVE DEMOUNTABLE CONNECTION SYSTEM FOR HYBRID STEEL-TIMBER FLOORS\" \/>\r\n\t\t\t\t<\/a>\r\n\t\t\t\t\t\t\t\t\t<div class=\"wpspw-post-date\">\r\n\t\t\t\t\t\t2 abril 2026\t\t\t\t\t<\/div>\r\n\t\t\t\t\t\t\t<\/div>\r\n\t\t\r\n\t\t<div class=\"wpspw-post-details-wrapper\">\r\n\t\t\t\r\n\t\t\t<h2 class=\"wpspw-post-title\">\r\n\t\t\t\t<a href=\"https:\/\/icitech.webs.upv.es\/index.php\/en\/icitech-researchers-test-under-severe-fire-conditions-an-innovative-demountable-connection-system-for-hybrid-steel-timber-floors\/6263\/uncategorized\/04\/02\/\">ICITECH RESEARCHERS TEST UNDER SEVERE FIRE CONDITIONS AN INNOVATIVE DEMOUNTABLE CONNECTION SYSTEM FOR HYBRID STEEL-TIMBER FLOORS<\/a>\r\n\t\t\t<\/h2>\r\n\r\n\t\t\t\t\t\t\t<div class=\"wpspw-post-content\">\r\n\t\t\t\t\t\t\t\t\t\t\t<div>In the project FIRSTIMB, leaded by the researchers Manuel L. Romero and Ana Espin\u00f3s from the Research Institute ICITECH, an&#8230;<\/div>\r\n\t\t\t\t\t\t<a class=\"wpspw-readmorebtn\" href=\"https:\/\/icitech.webs.upv.es\/index.php\/en\/icitech-researchers-test-under-severe-fire-conditions-an-innovative-demountable-connection-system-for-hybrid-steel-timber-floors\/6263\/uncategorized\/04\/02\/\">Read More<\/a>\r\n\t\t\t\t\t\t\t\t\t\t<\/div>\r\n\t\t\t\t\t<\/div>\r\n\t<\/div>\r\n<\/div>\r\n<div class=\"wpspw-post-grid wpspw-medium-6 wpspw-columns \">\r\n\t<div class=\"wpspw-post-grid-content  \">\r\n\r\n\t\t\t\t\t<div class=\"wpspw-post-image-bg\">\r\n\t\t\t\t<a href=\"https:\/\/icitech.webs.upv.es\/index.php\/resultado-final-del-proyecto-sludge3d-buenas-noticias-para-la-economia-circular-y-la-construccion-sostenible\/6201\/sin-categoria-es\/03\/12\/\">\r\n\t\t\t\t\t<img decoding=\"async\" src=\"https:\/\/icitech.webs.upv.es\/wp-content\/uploads\/2026\/03\/Captura-de-pantalla-2026-03-12-160635.png\" alt=\"RESULTADO FINAL del proyecto SLUDGE3D: \u00a1Buenas noticias para la econom\u00eda circular y la construcci\u00f3n sostenible!\" \/>\r\n\t\t\t\t<\/a>\r\n\t\t\t\t\t\t\t\t\t<div class=\"wpspw-post-date\">\r\n\t\t\t\t\t\t12 marzo 2026\t\t\t\t\t<\/div>\r\n\t\t\t\t\t\t\t<\/div>\r\n\t\t\r\n\t\t<div class=\"wpspw-post-details-wrapper\">\r\n\t\t\t\r\n\t\t\t<h2 class=\"wpspw-post-title\">\r\n\t\t\t\t<a href=\"https:\/\/icitech.webs.upv.es\/index.php\/resultado-final-del-proyecto-sludge3d-buenas-noticias-para-la-economia-circular-y-la-construccion-sostenible\/6201\/sin-categoria-es\/03\/12\/\">RESULTADO FINAL del proyecto SLUDGE3D: \u00a1Buenas noticias para la econom\u00eda circular y la construcci\u00f3n sostenible!<\/a>\r\n\t\t\t<\/h2>\r\n\r\n\t\t\t\t\t\t\t<div class=\"wpspw-post-content\">\r\n\t\t\t\t\t\t\t\t\t\t\t<div>Tras el desarrollo del proyecto SLUDGE3D, se ha demostrado con \u00e9xito la viabilidad de valorizar cenizas de fango de EDAR&#8230;<\/div>\r\n\t\t\t\t\t\t<a class=\"wpspw-readmorebtn\" href=\"https:\/\/icitech.webs.upv.es\/index.php\/resultado-final-del-proyecto-sludge3d-buenas-noticias-para-la-economia-circular-y-la-construccion-sostenible\/6201\/sin-categoria-es\/03\/12\/\">Read More<\/a>\r\n\t\t\t\t\t\t\t\t\t\t<\/div>\r\n\t\t\t\t\t<\/div>\r\n\t<\/div>\r\n<\/div>\r\n<div class=\"wpspw-post-grid wpspw-medium-6 wpspw-columns first\">\r\n\t<div class=\"wpspw-post-grid-content  \">\r\n\r\n\t\t\t\t\t<div class=\"wpspw-post-image-bg\">\r\n\t\t\t\t<a href=\"https:\/\/icitech.webs.upv.es\/index.php\/los-investigadores-del-icitech-manuel-l-romero-y-ana-espinos-comparten-los-resultados-de-su-proyecto-recientemente-finalizado-firstimb\/6080\/sin-categoria-es\/03\/10\/\">\r\n\t\t\t\t\t<img decoding=\"async\" src=\"https:\/\/icitech.webs.upv.es\/wp-content\/uploads\/2026\/03\/conclusiones-1.jpg\" alt=\"Investigadores del ICITECH ponen a prueba bajo condiciones severas de incendio un innovador sistema de conexi\u00f3n desmontable para forjados h\u00edbridos acero-madera\" \/>\r\n\t\t\t\t<\/a>\r\n\t\t\t\t\t\t\t\t\t<div class=\"wpspw-post-date\">\r\n\t\t\t\t\t\t10 marzo 2026\t\t\t\t\t<\/div>\r\n\t\t\t\t\t\t\t<\/div>\r\n\t\t\r\n\t\t<div class=\"wpspw-post-details-wrapper\">\r\n\t\t\t\r\n\t\t\t<h2 class=\"wpspw-post-title\">\r\n\t\t\t\t<a href=\"https:\/\/icitech.webs.upv.es\/index.php\/los-investigadores-del-icitech-manuel-l-romero-y-ana-espinos-comparten-los-resultados-de-su-proyecto-recientemente-finalizado-firstimb\/6080\/sin-categoria-es\/03\/10\/\">Investigadores del ICITECH ponen a prueba bajo condiciones severas de incendio un innovador sistema de conexi\u00f3n desmontable para forjados h\u00edbridos acero-madera<\/a>\r\n\t\t\t<\/h2>\r\n\r\n\t\t\t\t\t\t\t<div class=\"wpspw-post-content\">\r\n\t\t\t\t\t\t\t\t\t\t\t<div>En el proyecto FIRSTIMB, liderado por los investigadores del ICITECH Manuel L. Romero y Ana Espin\u00f3s, se ha investigado y&#8230;<\/div>\r\n\t\t\t\t\t\t<a class=\"wpspw-readmorebtn\" href=\"https:\/\/icitech.webs.upv.es\/index.php\/los-investigadores-del-icitech-manuel-l-romero-y-ana-espinos-comparten-los-resultados-de-su-proyecto-recientemente-finalizado-firstimb\/6080\/sin-categoria-es\/03\/10\/\">Read More<\/a>\r\n\t\t\t\t\t\t\t\t\t\t<\/div>\r\n\t\t\t\t\t<\/div>\r\n\t<\/div>\r\n<\/div>\r\n<div class=\"wpspw-post-grid wpspw-medium-6 wpspw-columns \">\r\n\t<div class=\"wpspw-post-grid-content  \">\r\n\r\n\t\t\t\t\t<div class=\"wpspw-post-image-bg\">\r\n\t\t\t\t<a href=\"https:\/\/icitech.webs.upv.es\/index.php\/icitech-desarrolla-sispyl-un-sistema-pionero-que-protege-los-tabiques-de-pladur-frente-a-terremotos\/6037\/sin-categoria-es\/03\/09\/\">\r\n\t\t\t\t\t<img decoding=\"async\" src=\"https:\/\/icitech.webs.upv.es\/wp-content\/uploads\/2026\/03\/int_edificios_pladur_antiterremotos_2026.jpg\" alt=\"ICITECH desarrolla SISPYL, un sistema pionero que protege los tabiques de pladur frente a terremotos\" \/>\r\n\t\t\t\t<\/a>\r\n\t\t\t\t\t\t\t\t\t<div class=\"wpspw-post-date\">\r\n\t\t\t\t\t\t9 marzo 2026\t\t\t\t\t<\/div>\r\n\t\t\t\t\t\t\t<\/div>\r\n\t\t\r\n\t\t<div class=\"wpspw-post-details-wrapper\">\r\n\t\t\t\r\n\t\t\t<h2 class=\"wpspw-post-title\">\r\n\t\t\t\t<a href=\"https:\/\/icitech.webs.upv.es\/index.php\/icitech-desarrolla-sispyl-un-sistema-pionero-que-protege-los-tabiques-de-pladur-frente-a-terremotos\/6037\/sin-categoria-es\/03\/09\/\">ICITECH desarrolla SISPYL, un sistema pionero que protege los tabiques de pladur frente a terremotos<\/a>\r\n\t\t\t<\/h2>\r\n\r\n\t\t\t\t\t\t\t<div class=\"wpspw-post-content\">\r\n\t\t\t\t\t\t\t\t\t\t\t<div>Los investigadores del ICITECH Luis Pallar\u00e9s y Francisco J. Pallar\u00e9s, de la Universitat Polit\u00e8cnica de Val\u00e8ncia, ha desarrollado y validado&#8230;<\/div>\r\n\t\t\t\t\t\t<a class=\"wpspw-readmorebtn\" href=\"https:\/\/icitech.webs.upv.es\/index.php\/icitech-desarrolla-sispyl-un-sistema-pionero-que-protege-los-tabiques-de-pladur-frente-a-terremotos\/6037\/sin-categoria-es\/03\/09\/\">Read More<\/a>\r\n\t\t\t\t\t\t\t\t\t\t<\/div>\r\n\t\t\t\t\t<\/div>\r\n\t<\/div>\r\n<\/div>\r\n<div class=\"wpspw-post-grid wpspw-medium-6 wpspw-columns first\">\r\n\t<div class=\"wpspw-post-grid-content  \">\r\n\r\n\t\t\t\t\t<div class=\"wpspw-post-image-bg\">\r\n\t\t\t\t<a href=\"https:\/\/icitech.webs.upv.es\/index.php\/la-tecnologia-4-0-llega-a-las-fallas-para-hacer-los-monumentos-mas-sostenibles-seguros-y-rentables\/5994\/sin-categoria-es\/01\/30\/\">\r\n\t\t\t\t\t<img decoding=\"async\" src=\"https:\/\/icitech.webs.upv.es\/wp-content\/uploads\/2026\/02\/RUVID-UPV-2026-01-27-ECO-FALLES-4.0-47-1.jpg\" alt=\"La tecnolog\u00eda 4.0 llega a las Fallas para hacer los monumentos m\u00e1s sostenibles, seguros y rentables\" \/>\r\n\t\t\t\t<\/a>\r\n\t\t\t\t\t\t\t\t\t<div class=\"wpspw-post-date\">\r\n\t\t\t\t\t\t30 enero 2026\t\t\t\t\t<\/div>\r\n\t\t\t\t\t\t\t<\/div>\r\n\t\t\r\n\t\t<div class=\"wpspw-post-details-wrapper\">\r\n\t\t\t\r\n\t\t\t<h2 class=\"wpspw-post-title\">\r\n\t\t\t\t<a href=\"https:\/\/icitech.webs.upv.es\/index.php\/la-tecnologia-4-0-llega-a-las-fallas-para-hacer-los-monumentos-mas-sostenibles-seguros-y-rentables\/5994\/sin-categoria-es\/01\/30\/\">La tecnolog\u00eda 4.0 llega a las Fallas para hacer los monumentos m\u00e1s sostenibles, seguros y rentables<\/a>\r\n\t\t\t<\/h2>\r\n\r\n\t\t\t\t\t\t\t<div class=\"wpspw-post-content\">\r\n\t\t\t\t\t\t\t\t\t\t\t<div>Llega la innovaci\u00f3n tecnol\u00f3gica al coraz\u00f3n del mundo fallero. ECO-FALLES 4.0 ha desarrollado herramientas digitales, nuevos materiales reciclados y sistemas&#8230;<\/div>\r\n\t\t\t\t\t\t<a class=\"wpspw-readmorebtn\" href=\"https:\/\/icitech.webs.upv.es\/index.php\/la-tecnologia-4-0-llega-a-las-fallas-para-hacer-los-monumentos-mas-sostenibles-seguros-y-rentables\/5994\/sin-categoria-es\/01\/30\/\">Read More<\/a>\r\n\t\t\t\t\t\t\t\t\t\t<\/div>\r\n\t\t\t\t\t<\/div>\r\n\t<\/div>\r\n<\/div>\r\n<div class=\"wpspw-post-grid wpspw-medium-6 wpspw-columns \">\r\n\t<div class=\"wpspw-post-grid-content  \">\r\n\r\n\t\t\t\t\t<div class=\"wpspw-post-image-bg\">\r\n\t\t\t\t<a href=\"https:\/\/icitech.webs.upv.es\/index.php\/ensayo-exitoso-del-prototipo-de-pasarela-peatonal-sludge3d\/5984\/sin-categoria-es\/01\/22\/\">\r\n\t\t\t\t\t<img decoding=\"async\" src=\"https:\/\/icitech.webs.upv.es\/wp-content\/uploads\/2026\/02\/1769084528453.jpg\" alt=\"Ensayo exitoso del prototipo de pasarela peatonal SLUDGE3D\" \/>\r\n\t\t\t\t<\/a>\r\n\t\t\t\t\t\t\t\t\t<div class=\"wpspw-post-date\">\r\n\t\t\t\t\t\t22 enero 2026\t\t\t\t\t<\/div>\r\n\t\t\t\t\t\t\t<\/div>\r\n\t\t\r\n\t\t<div class=\"wpspw-post-details-wrapper\">\r\n\t\t\t\r\n\t\t\t<h2 class=\"wpspw-post-title\">\r\n\t\t\t\t<a href=\"https:\/\/icitech.webs.upv.es\/index.php\/ensayo-exitoso-del-prototipo-de-pasarela-peatonal-sludge3d\/5984\/sin-categoria-es\/01\/22\/\">Ensayo exitoso del prototipo de pasarela peatonal SLUDGE3D<\/a>\r\n\t\t\t<\/h2>\r\n\r\n\t\t\t\t\t\t\t<div class=\"wpspw-post-content\">\r\n\t\t\t\t\t\t\t\t\t\t\t<div>Esta semana, el Instituto de Ciencia y Tecnolog\u00eda del Hormig\u00f3n (ICITECH) de la Universitat Polit\u00e8cnica de Val\u00e8ncia (UPV) ha llevado&#8230;<\/div>\r\n\t\t\t\t\t\t<a class=\"wpspw-readmorebtn\" href=\"https:\/\/icitech.webs.upv.es\/index.php\/ensayo-exitoso-del-prototipo-de-pasarela-peatonal-sludge3d\/5984\/sin-categoria-es\/01\/22\/\">Read More<\/a>\r\n\t\t\t\t\t\t\t\t\t\t<\/div>\r\n\t\t\t\t\t<\/div>\r\n\t<\/div>\r\n<\/div>\r\n<div class=\"wpspw-post-grid wpspw-medium-6 wpspw-columns first\">\r\n\t<div class=\"wpspw-post-grid-content  \">\r\n\r\n\t\t\t\t\t<div class=\"wpspw-post-image-bg\">\r\n\t\t\t\t<a href=\"https:\/\/icitech.webs.upv.es\/index.php\/la-upv-disena-un-metodo-que-reduce-costes-y-emisiones-en-el-calculo-de-cimentaciones-de-edificios\/5981\/sin-categoria-es\/09\/25\/\">\r\n\t\t\t\t\t<img decoding=\"async\" src=\"https:\/\/icitech.webs.upv.es\/wp-content\/uploads\/2026\/02\/int_icitech_cimentaciones_seguras_sostenibles_2025.jpg\" alt=\"La UPV dise\u00f1a un m\u00e9todo que reduce costes y emisiones en el c\u00e1lculo de cimentaciones de edificios\" \/>\r\n\t\t\t\t<\/a>\r\n\t\t\t\t\t\t\t\t\t<div class=\"wpspw-post-date\">\r\n\t\t\t\t\t\t25 septiembre 2025\t\t\t\t\t<\/div>\r\n\t\t\t\t\t\t\t<\/div>\r\n\t\t\r\n\t\t<div class=\"wpspw-post-details-wrapper\">\r\n\t\t\t\r\n\t\t\t<h2 class=\"wpspw-post-title\">\r\n\t\t\t\t<a href=\"https:\/\/icitech.webs.upv.es\/index.php\/la-upv-disena-un-metodo-que-reduce-costes-y-emisiones-en-el-calculo-de-cimentaciones-de-edificios\/5981\/sin-categoria-es\/09\/25\/\">La UPV dise\u00f1a un m\u00e9todo que reduce costes y emisiones en el c\u00e1lculo de cimentaciones de edificios<\/a>\r\n\t\t\t<\/h2>\r\n\r\n\t\t\t\t\t\t\t<div class=\"wpspw-post-content\">\r\n\t\t\t\t\t\t\t\t\t\t\t<div>Un equipo de la Universitat Polit\u00e8cnica de Val\u00e8ncia (UPV), en colaboraci\u00f3n con la empresa Alto Almanzora Consultor\u00eda Geol\u00f3gica S.L., ha&#8230;<\/div>\r\n\t\t\t\t\t\t<a class=\"wpspw-readmorebtn\" href=\"https:\/\/icitech.webs.upv.es\/index.php\/la-upv-disena-un-metodo-que-reduce-costes-y-emisiones-en-el-calculo-de-cimentaciones-de-edificios\/5981\/sin-categoria-es\/09\/25\/\">Read More<\/a>\r\n\t\t\t\t\t\t\t\t\t\t<\/div>\r\n\t\t\t\t\t<\/div>\r\n\t<\/div>\r\n<\/div>\r\n<div class=\"wpspw-post-grid wpspw-medium-6 wpspw-columns \">\r\n\t<div class=\"wpspw-post-grid-content  \">\r\n\r\n\t\t\t\t\t<div class=\"wpspw-post-image-bg\">\r\n\t\t\t\t<a href=\"https:\/\/icitech.webs.upv.es\/index.php\/investigadores-de-la-upv-y-la-universidad-de-vigo-descubren-los-mecanismos-ocultos-que-evitan-que-los-puentes-se-derrumben-ante-eventos-catastroficos\/5978\/sin-categoria-es\/09\/03\/\">\r\n\t\t\t\t\t<img decoding=\"async\" src=\"https:\/\/icitech.webs.upv.es\/wp-content\/uploads\/2026\/02\/int_icitech_uvigo_nature_puentes_resilientes_2025.jpg\" alt=\"Investigadores de la UPV y la Universidad de Vigo descubren los mecanismos ocultos que evitan que los puentes se derrumben ante eventos catastr\u00f3ficos\" \/>\r\n\t\t\t\t<\/a>\r\n\t\t\t\t\t\t\t\t\t<div class=\"wpspw-post-date\">\r\n\t\t\t\t\t\t3 septiembre 2025\t\t\t\t\t<\/div>\r\n\t\t\t\t\t\t\t<\/div>\r\n\t\t\r\n\t\t<div class=\"wpspw-post-details-wrapper\">\r\n\t\t\t\r\n\t\t\t<h2 class=\"wpspw-post-title\">\r\n\t\t\t\t<a href=\"https:\/\/icitech.webs.upv.es\/index.php\/investigadores-de-la-upv-y-la-universidad-de-vigo-descubren-los-mecanismos-ocultos-que-evitan-que-los-puentes-se-derrumben-ante-eventos-catastroficos\/5978\/sin-categoria-es\/09\/03\/\">Investigadores de la UPV y la Universidad de Vigo descubren los mecanismos ocultos que evitan que los puentes se derrumben ante eventos catastr\u00f3ficos<\/a>\r\n\t\t\t<\/h2>\r\n\r\n\t\t\t\t\t\t\t<div class=\"wpspw-post-content\">\r\n\t\t\t\t\t\t\t\t\t\t\t<div>Un equipo de la Universitat Polit\u00e8cnica de Val\u00e8ncia (UPV) y la Universidad de Vigo (UVigo) acaba de publicar en Nature&#8230;<\/div>\r\n\t\t\t\t\t\t<a class=\"wpspw-readmorebtn\" href=\"https:\/\/icitech.webs.upv.es\/index.php\/investigadores-de-la-upv-y-la-universidad-de-vigo-descubren-los-mecanismos-ocultos-que-evitan-que-los-puentes-se-derrumben-ante-eventos-catastroficos\/5978\/sin-categoria-es\/09\/03\/\">Read More<\/a>\r\n\t\t\t\t\t\t\t\t\t\t<\/div>\r\n\t\t\t\t\t<\/div>\r\n\t<\/div>\r\n<\/div>\r\n<div class=\"wpspw-post-grid wpspw-medium-6 wpspw-columns first\">\r\n\t<div class=\"wpspw-post-grid-content  \">\r\n\r\n\t\t\t\t\t<div class=\"wpspw-post-image-bg\">\r\n\t\t\t\t<a href=\"https:\/\/icitech.webs.upv.es\/index.php\/monitorizan-mediante-tecnologia-fotonica-la-reconstruccion-del-puente-de-la-cv-36-afectado-por-la-dana\/5974\/sin-categoria-es\/02\/11\/\">\r\n\t\t\t\t\t<img decoding=\"async\" src=\"https:\/\/icitech.webs.upv.es\/wp-content\/uploads\/2026\/02\/RUVID-UPV-DANA.jpg\" alt=\"Monitorizan mediante tecnolog\u00eda fot\u00f3nica la reconstrucci\u00f3n del puente de la CV-36 afectado por la DANA\" \/>\r\n\t\t\t\t<\/a>\r\n\t\t\t\t\t\t\t\t\t<div class=\"wpspw-post-date\">\r\n\t\t\t\t\t\t11 febrero 2025\t\t\t\t\t<\/div>\r\n\t\t\t\t\t\t\t<\/div>\r\n\t\t\r\n\t\t<div class=\"wpspw-post-details-wrapper\">\r\n\t\t\t\r\n\t\t\t<h2 class=\"wpspw-post-title\">\r\n\t\t\t\t<a href=\"https:\/\/icitech.webs.upv.es\/index.php\/monitorizan-mediante-tecnologia-fotonica-la-reconstruccion-del-puente-de-la-cv-36-afectado-por-la-dana\/5974\/sin-categoria-es\/02\/11\/\">Monitorizan mediante tecnolog\u00eda fot\u00f3nica la reconstrucci\u00f3n del puente de la CV-36 afectado por la DANA<\/a>\r\n\t\t\t<\/h2>\r\n\r\n\t\t\t\t\t\t\t<div class=\"wpspw-post-content\">\r\n\t\t\t\t\t\t\t\t\t\t\t<div>Un equipo de investigadores de la Universitat Polit\u00e8cnica de Val\u00e8ncia (UPV), pertenecientes a los institutos iTEAM e ICITECH, junto con&#8230;<\/div>\r\n\t\t\t\t\t\t<a class=\"wpspw-readmorebtn\" href=\"https:\/\/icitech.webs.upv.es\/index.php\/monitorizan-mediante-tecnologia-fotonica-la-reconstruccion-del-puente-de-la-cv-36-afectado-por-la-dana\/5974\/sin-categoria-es\/02\/11\/\">Read More<\/a>\r\n\t\t\t\t\t\t\t\t\t\t<\/div>\r\n\t\t\t\t\t<\/div>\r\n\t<\/div>\r\n<\/div>\r\n<div class=\"wpspw-post-grid wpspw-medium-6 wpspw-columns \">\r\n\t<div class=\"wpspw-post-grid-content  \">\r\n\r\n\t\t\t\t\t<div class=\"wpspw-post-image-bg\">\r\n\t\t\t\t<a href=\"https:\/\/icitech.webs.upv.es\/index.php\/intervenciones-en-la-evaluacion-de-infraestructuras\/5364\/sin-categoria-es\/12\/02\/\">\r\n\t\t\t\t\t<img decoding=\"async\" src=\"https:\/\/icitech.webs.upv.es\/wp-content\/uploads\/2024\/12\/Picanya-3.jpeg\" alt=\"Intervenciones de investigadores del ICITECH en la evaluaci\u00f3n de infraestructuras afectadas por la DANA\" \/>\r\n\t\t\t\t<\/a>\r\n\t\t\t\t\t\t\t\t\t<div class=\"wpspw-post-date\">\r\n\t\t\t\t\t\t2 diciembre 2024\t\t\t\t\t<\/div>\r\n\t\t\t\t\t\t\t<\/div>\r\n\t\t\r\n\t\t<div class=\"wpspw-post-details-wrapper\">\r\n\t\t\t\r\n\t\t\t<h2 class=\"wpspw-post-title\">\r\n\t\t\t\t<a href=\"https:\/\/icitech.webs.upv.es\/index.php\/intervenciones-en-la-evaluacion-de-infraestructuras\/5364\/sin-categoria-es\/12\/02\/\">Intervenciones de investigadores del ICITECH en la evaluaci\u00f3n de infraestructuras afectadas por la DANA<\/a>\r\n\t\t\t<\/h2>\r\n\r\n\t\t\t\t\t\t\t<div class=\"wpspw-post-content\">\r\n\t\t\t\t\t\t\t\t\t\t\t<div>Investigadores del ICITECH han colaborado con la Generalitat Valenciana, Diputaci\u00f3n de Valencia y diversos ayuntamientos para realizar inspecciones de urgencia&#8230;<\/div>\r\n\t\t\t\t\t\t<a class=\"wpspw-readmorebtn\" href=\"https:\/\/icitech.webs.upv.es\/index.php\/intervenciones-en-la-evaluacion-de-infraestructuras\/5364\/sin-categoria-es\/12\/02\/\">Read More<\/a>\r\n\t\t\t\t\t\t\t\t\t\t<\/div>\r\n\t\t\t\t\t<\/div>\r\n\t<\/div>\r\n<\/div>\r\n\t\t\t\t\t\t\t<div class=\"wpspw_pagination wpspw-numeric wpspw-clearfix\">\r\n\t\t\t\t\t<span aria-current=\"page\" class=\"page-numbers current\">1<\/span>\n<a class=\"page-numbers\" href=\"https:\/\/icitech.webs.upv.es\/index.php\/wp-json\/wp\/v2\/pages\/1989\/page\/2\/\">2<\/a>\n<a class=\"page-numbers\" href=\"https:\/\/icitech.webs.upv.es\/index.php\/wp-json\/wp\/v2\/pages\/1989\/page\/3\/\">3<\/a>\n<span class=\"page-numbers dots\">&hellip;<\/span>\n<a class=\"page-numbers\" href=\"https:\/\/icitech.webs.upv.es\/index.php\/wp-json\/wp\/v2\/pages\/1989\/page\/7\/\">7<\/a>\n<a class=\"next page-numbers\" href=\"https:\/\/icitech.webs.upv.es\/index.php\/wp-json\/wp\/v2\/pages\/1989\/page\/2\/\">Next &raquo;<\/a>\t\t\t\t<\/div>\r\n\t\t\t\t\t<\/div>\r\n\r\n\t\n\n\n<div style=\"height:80px\" aria-hidden=\"true\" class=\"wp-block-spacer\"><\/div>\n","protected":false},"excerpt":{"rendered":"<p>NEWS<\/p>\n","protected":false},"author":1,"featured_media":0,"parent":1945,"menu_order":0,"comment_status":"closed","ping_status":"closed","template":"","meta":{"_acf_changed":false,"footnotes":""},"class_list":["post-1989","page","type-page","status-publish","hentry"],"acf":[],"_links":{"self":[{"href":"https:\/\/icitech.webs.upv.es\/index.php\/wp-json\/wp\/v2\/pages\/1989","targetHints":{"allow":["GET"]}}],"collection":[{"href":"https:\/\/icitech.webs.upv.es\/index.php\/wp-json\/wp\/v2\/pages"}],"about":[{"href":"https:\/\/icitech.webs.upv.es\/index.php\/wp-json\/wp\/v2\/types\/page"}],"author":[{"embeddable":true,"href":"https:\/\/icitech.webs.upv.es\/index.php\/wp-json\/wp\/v2\/users\/1"}],"replies":[{"embeddable":true,"href":"https:\/\/icitech.webs.upv.es\/index.php\/wp-json\/wp\/v2\/comments?post=1989"}],"version-history":[{"count":0,"href":"https:\/\/icitech.webs.upv.es\/index.php\/wp-json\/wp\/v2\/pages\/1989\/revisions"}],"up":[{"embeddable":true,"href":"https:\/\/icitech.webs.upv.es\/index.php\/wp-json\/wp\/v2\/pages\/1945"}],"wp:attachment":[{"href":"https:\/\/icitech.webs.upv.es\/index.php\/wp-json\/wp\/v2\/media?parent=1989"}],"curies":[{"name":"wp","href":"https:\/\/api.w.org\/{rel}","templated":true}]}}