{"id":3631,"date":"2024-05-23T08:38:37","date_gmt":"2024-05-23T08:38:37","guid":{"rendered":"https:\/\/icitech.webs.upv.es\/?page_id=3631"},"modified":"2024-05-28T08:28:20","modified_gmt":"2024-05-28T08:28:20","slug":"lc-res-alternativas-para-el-desarrollo-de-cementos-lc3-a-partir-de-residuos-generados-en-espana","status":"publish","type":"page","link":"https:\/\/icitech.webs.upv.es\/index.php\/home\/proyectos\/lc-res-alternativas-para-el-desarrollo-de-cementos-lc3-a-partir-de-residuos-generados-en-espana\/","title":{"rendered":"LC-RES: Alternativas para el desarrollo de cementos LC3 a partir de residuos generados en Espa\u00f1a"},"content":{"rendered":"<div><ss3-force-full-width data-overflow-x=\"body\" data-horizontal-selector=\"body\"><div class=\"n2-section-smartslider fitvidsignore \" data-ssid=\"38\"><div id=\"n2-ss-38-align\" class=\"n2-ss-align\"><div class=\"n2-padding\"><div id=\"n2-ss-38\" data-creator=\"Smart Slider 3\" data-responsive=\"fullwidth\" class=\"n2-ss-slider n2-ow n2-has-hover n2notransition  \">\n        <div class=\"n2-ss-slider-1 n2_ss__touch_element n2-ow\">\n            <div class=\"n2-ss-slider-2 n2-ow\">\n                                                <div class=\"n2-ss-slider-3 n2-ow\">\n\n                    <div class=\"n2-ss-slide-backgrounds n2-ow-all\"><div class=\"n2-ss-slide-background\" data-public-id=\"1\" data-mode=\"fill\"><div class=\"n2-ss-slide-background-image\" data-blur=\"0\" data-opacity=\"100\" data-x=\"54\" data-y=\"35\" data-alt=\"Estructura de cemento LC3\" data-title=\"Estructura de cemento LC3\" style=\"--ss-o-pos-x:54%;--ss-o-pos-y:35%\"><picture class=\"skip-lazy\" data-skip-lazy=\"1\"><img decoding=\"async\" src=\"\/\/icitech.webs.upv.es\/wp-content\/uploads\/2024\/05\/Estructura-cemento-LC3.webp\" alt=\"Estructura de cemento LC3\" title=\"Estructura de cemento LC3\" loading=\"lazy\" class=\"skip-lazy\" data-skip-lazy=\"1\"><\/picture><\/div><div data-color=\"RGBA(255,255,255,0)\" style=\"background-color: RGBA(255,255,255,0);\" class=\"n2-ss-slide-background-color\"><\/div><\/div><\/div>                    <div class=\"n2-ss-slider-4 n2-ow\">\n                        <svg xmlns=\"http:\/\/www.w3.org\/2000\/svg\" viewBox=\"0 0 1200 200\" data-related-device=\"desktopPortrait\" class=\"n2-ow n2-ss-preserve-size n2-ss-preserve-size--slider n2-ss-slide-limiter\"><\/svg><div data-first=\"1\" data-slide-duration=\"0\" data-id=\"61\" data-slide-public-id=\"1\" data-title=\"Estructura de cemento LC3\" class=\"n2-ss-slide n2-ow  n2-ss-slide-61\"><div role=\"note\" class=\"n2-ss-slide--focus\" tabindex=\"-1\">Estructura de cemento LC3<\/div><div class=\"n2-ss-layers-container n2-ss-slide-limiter n2-ow\"><div class=\"n2-ss-layer n2-ow n-uc-JWzaJv9i6nKz\" data-sstype=\"slide\" data-pm=\"default\"><\/div><\/div><\/div>                    <\/div>\n\n                                    <\/div>\n            <\/div>\n        <\/div>\n        <\/div><ss3-loader><\/ss3-loader><\/div><\/div><div class=\"n2_clear\"><\/div><\/div><\/ss3-force-full-width><\/div>\n\n\n<div style=\"height:80px\" aria-hidden=\"true\" class=\"wp-block-spacer\"><\/div>\n\n\n\n<h1 class=\"wp-block-heading has-vivid-red-color has-text-color\"><strong>LC-RES<\/strong>: <strong>Alternativas para el desarrollo de cementos LC3 a partir de residuos generados en Espa\u00f1a<\/strong><\/h1>\n\n\n\n<div style=\"height:45px\" aria-hidden=\"true\" class=\"wp-block-spacer\"><\/div>\n\n\n\n<div class=\"wp-block-columns is-layout-flex wp-container-core-columns-is-layout-9d6595d7 wp-block-columns-is-layout-flex\">\n<div class=\"wp-block-column is-layout-flow wp-block-column-is-layout-flow\">\n<p><strong>Investigadores principales<\/strong>:<\/p>\n\n\n\n<p>MAR\u00cdA VICTORIA BORRACHERO ROSADO<\/p>\n\n\n\n<p>LOURDES SORIANO MART\u00cdNEZ<\/p>\n\n\n\n<p> <strong>Miembros del equipo<\/strong>:<\/p>\n\n\n\n<ul class=\"wp-block-list\">\n<li>ESTER GIM\u00c9NEZ CARB\u00d3<\/li>\n\n\n\n<li>ANA M\u00aa MELLADO MART\u00cdNEZ<\/li>\n\n\n\n<li>JORDI PAY\u00c1 BERNABEU<\/li>\n\n\n\n<li>JOSE MAR\u00cdA MONZ\u00d3 BALBUENA<\/li>\n\n\n\n<li>LUCIA REIG CERD\u00c1<\/li>\n\n\n\n<li>PAOLA VARGAS (FPI)<\/li>\n\n\n\n<li>ANA M\u00aa MACI\u00c1N<\/li>\n\n\n\n<li>MAURO M.TASHIMA<\/li>\n\n\n\n<li>JORGE IVAN TOB\u00d3N<\/li>\n\n\n\n<li>FERNANDO MARTIRENA<\/li>\n<\/ul>\n<\/div>\n\n\n\n<div class=\"wp-block-column is-layout-flow wp-block-column-is-layout-flow\">\n<p><strong>Organismo financiador:<\/strong><\/p>\n\n\n\n<figure class=\"wp-block-image size-full is-resized\"><img loading=\"lazy\" decoding=\"async\" width=\"246\" height=\"95\" src=\"https:\/\/icitech.webs.upv.es\/wp-content\/uploads\/2024\/05\/Organismos-financiadores-cementos-LC-RES.webp\" alt=\"Organismos financiadores cementos LC-RES\" class=\"wp-image-3667\" style=\"width:220px;height:auto\"\/><\/figure>\n\n\n\n<p><strong>Duraci\u00f3n<\/strong>: 01\/09\/2022 \u2013 31\/08\/2026&nbsp;<\/p>\n\n\n\n<p><strong>Referencia<\/strong>: PID2021-125890OB-I00&nbsp;<\/p>\n<\/div>\n<\/div>\n\n\n\n<div style=\"height:45px\" aria-hidden=\"true\" class=\"wp-block-spacer\"><\/div>\n\n\n\n<h2 class=\"wp-block-heading\"><strong>Resumen<\/strong><\/h2>\n\n\n\n<p>La industria de la construcci\u00f3n consume gran cantidad de materias primas y emite alrededor del 7-8% del CO2 de origen antropog\u00e9nico.&nbsp;Reducir los niveles de CO2 es prioritario en el cumplimiento del 13\u00ba objetivo de Desarrollo Sostenible de Acci\u00f3n Clim\u00e1tica. Realidad a la&nbsp;que debemos de enfrentarnos de inmediato. Se han adoptado varias medidas en la industria del cemento para disminuir la cantidad de&nbsp;gases de efecto invernadero emitidos a la atmosfera. Algunas de las medidas han sido: reducir la energ\u00eda requerida para producir Clinker,&nbsp;o el desarrollo de nuevos tipos de cementos (beliticos o de sulfoaluminato de calcio). El uso de materiales cementicios suplementarios&nbsp;(SCM) ha servido para la fabricaci\u00f3n de cementos puzol\u00e1nicos (CEM IV), como parte de los cementos tipo II y III, o para reemplazar parte&nbsp;del CEM I en la fabricaci\u00f3n de hormigones. Sin embargo, a pesar de todas estas alternativas, no se ha alcanzado una reducci\u00f3n&nbsp;significativa de las emisiones asociadas a la industria del cemento.&nbsp;<\/p>\n\n\n\n<p>En este contexto, el objetivo principal del presente proyecto de investigaci\u00f3n es desarrollar un nuevo tipo de cemento LC3 m\u00e1s amigable&nbsp;con el medio ambiente. B\u00e1sicamente los cementos LC3, contienen aproximadamente 50% Clinker, 30% de arcillas calcinadas, 15% de&nbsp;caliza y alrededor del 5% de yeso, este \u00faltimo a\u00f1adido como regulador de fraguado. Nosotros proponemos reemplazar las arcillas&nbsp;naturales y la caliza por residuos producidos en Espa\u00f1a. El tema forma parte de las prioridades tem\u00e1ticas del Plan Estatal de&nbsp;Investigaci\u00f3n Cient\u00edfica, T\u00e9cnica y de Innovaci\u00f3n 2021-2023, espec\u00edficamente estar\u00eda involucrado en el 5\u00ba grupo tem\u00e1tico, dedicado al&nbsp;clima, la energ\u00eda y la movilidad. El nuevo cemento LC3 est\u00e1 incluido en la normativa de cementos recientemente publicada (UNE-EN 197-&nbsp;5 2021), siendo designado como CEM II\/C-M. Este proyecto es vital para el desarrollo de la tecnolog\u00eda LC3 en Espa\u00f1a, y la propuesta&nbsp;cuenta con el apoyo de las industrias del cemento y la arcilla.&nbsp;<\/p>\n\n\n\n<div style=\"height:45px\" aria-hidden=\"true\" class=\"wp-block-spacer\"><\/div>\n\n\n<div class=\"wp-block-image\">\n<figure class=\"aligncenter size-large is-resized\"><img loading=\"lazy\" decoding=\"async\" width=\"1024\" height=\"417\" src=\"https:\/\/icitech.webs.upv.es\/wp-content\/uploads\/2024\/05\/Grafico-proyecto-Cemento-LC-RES-1024x417.webp\" alt=\"Grafico-proyecto-Cemento-LC-RES\" class=\"wp-image-3668\" style=\"width:683px;height:auto\" srcset=\"https:\/\/icitech.webs.upv.es\/wp-content\/uploads\/2024\/05\/Grafico-proyecto-Cemento-LC-RES-1024x417.webp 1024w, https:\/\/icitech.webs.upv.es\/wp-content\/uploads\/2024\/05\/Grafico-proyecto-Cemento-LC-RES-300x122.webp 300w, https:\/\/icitech.webs.upv.es\/wp-content\/uploads\/2024\/05\/Grafico-proyecto-Cemento-LC-RES-768x313.webp 768w, https:\/\/icitech.webs.upv.es\/wp-content\/uploads\/2024\/05\/Grafico-proyecto-Cemento-LC-RES.webp 1130w\" sizes=\"auto, (max-width: 1024px) 100vw, 1024px\" \/><\/figure>\n<\/div>\n\n\n<div style=\"height:45px\" aria-hidden=\"true\" class=\"wp-block-spacer\"><\/div>\n\n\n\n<p>Como fuente de arcilla calcinada se explorar\u00e1 el uso de arcillas de menor calidad que se descartan para la fabricaci\u00f3n de productos&nbsp;cer\u00e1micos, junto con residuos de baldosas, este \u00faltimo generado principalmente en la Comunidad Valenciana. El residuo de catalizador&nbsp;de craqueo catal\u00edtico (FCC) es un residuo que se utilizar\u00e1 como fuente de al\u00famina y s\u00edlice. La composici\u00f3n qu\u00edmica de este material es&nbsp;similar a la del metacaol\u00edn, y ha sido ampliamente estudiado por el equipo de investigaci\u00f3n solicitante. Como material residual para&nbsp;reemplazar la piedra caliza natural, se propone utilizar lodos del corte de m\u00e1rmol y residuos generados al triturar agregados de caliza y&nbsp;dolomita. Otra posibilidad ser\u00e1 investigar la viabilidad de utilizar la fracci\u00f3n fina de residuos de construcci\u00f3n y demolici\u00f3n, ya que est\u00e1&nbsp;fuertemente carbonatada. La principal innovaci\u00f3n en comparaci\u00f3n con la tecnolog\u00eda que se utiliza actualmente para fabricar cementos&nbsp;LC3 es el uso de materiales residuales para reemplazar las arcillas naturales y la piedra caliza. Adem\u00e1s, el uso de dolomita tambi\u00e9n es&nbsp;muy novedoso, ya que apenas se han encontrado referencias sobre este material. Una vez establecidas la composici\u00f3n de estas mezclas&nbsp;y analizada su reactividad, se estudiar\u00eda la influencia de los aditivos acelerantes en sus morteros. Se realizar\u00edan estudios de durabilidad y&nbsp;huella de carbono. Finalmente, se ha incluido una tarea de utilizaci\u00f3n de los LC3 para fabricar distintos tipos de hormigones.&nbsp;<\/p>\n\n\n\n<div class=\"wp-block-columns is-layout-flex wp-container-core-columns-is-layout-9d6595d7 wp-block-columns-is-layout-flex\">\n<div class=\"wp-block-column is-layout-flow wp-block-column-is-layout-flow\">\n<figure class=\"wp-block-image size-full\"><img loading=\"lazy\" decoding=\"async\" width=\"649\" height=\"485\" src=\"https:\/\/icitech.webs.upv.es\/wp-content\/uploads\/2024\/05\/Estructura-cemento-LC3.webp\" alt=\"Estructura cemento LC-3\" class=\"wp-image-3669\" srcset=\"https:\/\/icitech.webs.upv.es\/wp-content\/uploads\/2024\/05\/Estructura-cemento-LC3.webp 649w, https:\/\/icitech.webs.upv.es\/wp-content\/uploads\/2024\/05\/Estructura-cemento-LC3-300x224.webp 300w, https:\/\/icitech.webs.upv.es\/wp-content\/uploads\/2024\/05\/Estructura-cemento-LC3-380x285.webp 380w, https:\/\/icitech.webs.upv.es\/wp-content\/uploads\/2024\/05\/Estructura-cemento-LC3-285x214.webp 285w\" sizes=\"auto, (max-width: 649px) 100vw, 649px\" \/><\/figure>\n<\/div>\n\n\n\n<div class=\"wp-block-column is-layout-flow wp-block-column-is-layout-flow\">\n<figure class=\"wp-block-image size-full\"><img loading=\"lazy\" decoding=\"async\" width=\"649\" height=\"487\" src=\"https:\/\/icitech.webs.upv.es\/wp-content\/uploads\/2024\/05\/Estructura-2-Cemento-LC3.webp\" alt=\"Estructura 2 Cemento LC3\" class=\"wp-image-3670\" srcset=\"https:\/\/icitech.webs.upv.es\/wp-content\/uploads\/2024\/05\/Estructura-2-Cemento-LC3.webp 649w, https:\/\/icitech.webs.upv.es\/wp-content\/uploads\/2024\/05\/Estructura-2-Cemento-LC3-300x225.webp 300w, https:\/\/icitech.webs.upv.es\/wp-content\/uploads\/2024\/05\/Estructura-2-Cemento-LC3-380x285.webp 380w, https:\/\/icitech.webs.upv.es\/wp-content\/uploads\/2024\/05\/Estructura-2-Cemento-LC3-285x214.webp 285w\" sizes=\"auto, (max-width: 649px) 100vw, 649px\" \/><\/figure>\n<\/div>\n<\/div>\n\n\n\n<div style=\"height:72px\" aria-hidden=\"true\" class=\"wp-block-spacer\"><\/div>\n","protected":false},"excerpt":{"rendered":"<p>LC-RES: Alternativas para el desarrollo de cementos LC3 a partir de residuos generados en Espa\u00f1a Investigadores principales: MAR\u00cdA VICTORIA BORRACHERO ROSADO LOURDES SORIANO MART\u00cdNEZ Miembros del equipo: Organismo financiador: Duraci\u00f3n: 01\/09\/2022 \u2013 31\/08\/2026&nbsp; Referencia: PID2021-125890OB-I00&nbsp; Resumen La industria de la construcci\u00f3n consume gran cantidad de materias primas y emite alrededor del 7-8% del CO2 de&hellip;<\/p>\n<p class=\"more-link\"><a href=\"https:\/\/icitech.webs.upv.es\/index.php\/home\/proyectos\/lc-res-alternativas-para-el-desarrollo-de-cementos-lc3-a-partir-de-residuos-generados-en-espana\/\" class=\"themebutton\">Read More<\/a><\/p>\n","protected":false},"author":1,"featured_media":0,"parent":847,"menu_order":0,"comment_status":"closed","ping_status":"closed","template":"","meta":{"_acf_changed":false,"footnotes":""},"class_list":["post-3631","page","type-page","status-publish","hentry"],"acf":[],"_links":{"self":[{"href":"https:\/\/icitech.webs.upv.es\/index.php\/wp-json\/wp\/v2\/pages\/3631","targetHints":{"allow":["GET"]}}],"collection":[{"href":"https:\/\/icitech.webs.upv.es\/index.php\/wp-json\/wp\/v2\/pages"}],"about":[{"href":"https:\/\/icitech.webs.upv.es\/index.php\/wp-json\/wp\/v2\/types\/page"}],"author":[{"embeddable":true,"href":"https:\/\/icitech.webs.upv.es\/index.php\/wp-json\/wp\/v2\/users\/1"}],"replies":[{"embeddable":true,"href":"https:\/\/icitech.webs.upv.es\/index.php\/wp-json\/wp\/v2\/comments?post=3631"}],"version-history":[{"count":0,"href":"https:\/\/icitech.webs.upv.es\/index.php\/wp-json\/wp\/v2\/pages\/3631\/revisions"}],"up":[{"embeddable":true,"href":"https:\/\/icitech.webs.upv.es\/index.php\/wp-json\/wp\/v2\/pages\/847"}],"wp:attachment":[{"href":"https:\/\/icitech.webs.upv.es\/index.php\/wp-json\/wp\/v2\/media?parent=3631"}],"curies":[{"name":"wp","href":"https:\/\/api.w.org\/{rel}","templated":true}]}}