{"id":3646,"date":"2024-05-24T10:52:01","date_gmt":"2024-05-24T10:52:01","guid":{"rendered":"https:\/\/icitech.webs.upv.es\/?page_id=3646"},"modified":"2024-05-28T10:32:39","modified_gmt":"2024-05-28T10:32:39","slug":"fireduce-estudio-de-la-resistencia-al-fuego-de-vigas-hibridas-acero-hormigon-madera-para-sistemas-estructurales-reutilizables","status":"publish","type":"page","link":"https:\/\/icitech.webs.upv.es\/index.php\/home\/proyectos\/fireduce-estudio-de-la-resistencia-al-fuego-de-vigas-hibridas-acero-hormigon-madera-para-sistemas-estructurales-reutilizables\/","title":{"rendered":"FIreDUCE: Estudio de la resistencia al fuego de vigas h\u00edbridas acero-hormig\u00f3n-madera para sistemas estructurales reutilizables"},"content":{"rendered":"<div><ss3-force-full-width data-overflow-x=\"body\" data-horizontal-selector=\"body\"><div class=\"n2-section-smartslider fitvidsignore \" data-ssid=\"44\"><div id=\"n2-ss-44-align\" class=\"n2-ss-align\"><div class=\"n2-padding\"><div id=\"n2-ss-44\" data-creator=\"Smart Slider 3\" data-responsive=\"fullwidth\" class=\"n2-ss-slider n2-ow n2-has-hover n2notransition  \">\n        <div class=\"n2-ss-slider-1 n2_ss__touch_element n2-ow\">\n            <div class=\"n2-ss-slider-2 n2-ow\">\n                                                <div class=\"n2-ss-slider-3 n2-ow\">\n\n                    <div class=\"n2-ss-slide-backgrounds n2-ow-all\"><div class=\"n2-ss-slide-background\" data-public-id=\"1\" data-mode=\"fill\"><div class=\"n2-ss-slide-background-image\" data-blur=\"0\" data-opacity=\"100\" data-x=\"61\" data-y=\"60\" data-alt=\"FIREDUCE Portada\" data-title=\"FIREDUCE Portada\" style=\"--ss-o-pos-x:61%;--ss-o-pos-y:60%\"><picture class=\"skip-lazy\" data-skip-lazy=\"1\"><img decoding=\"async\" src=\"\/\/icitech.webs.upv.es\/wp-content\/uploads\/2024\/05\/Fireduce-Portada.webp\" alt=\"FIREDUCE Portada\" title=\"FIREDUCE Portada\" loading=\"lazy\" class=\"skip-lazy\" data-skip-lazy=\"1\"><\/picture><\/div><div data-color=\"RGBA(255,255,255,0)\" style=\"background-color: RGBA(255,255,255,0);\" class=\"n2-ss-slide-background-color\"><\/div><\/div><\/div>                    <div class=\"n2-ss-slider-4 n2-ow\">\n                        <svg xmlns=\"http:\/\/www.w3.org\/2000\/svg\" viewBox=\"0 0 1200 200\" data-related-device=\"desktopPortrait\" class=\"n2-ow n2-ss-preserve-size n2-ss-preserve-size--slider n2-ss-slide-limiter\"><\/svg><div data-first=\"1\" data-slide-duration=\"0\" data-id=\"67\" data-slide-public-id=\"1\" data-title=\"FIREDUCE Portada\" class=\"n2-ss-slide n2-ow  n2-ss-slide-67\"><div role=\"note\" class=\"n2-ss-slide--focus\" tabindex=\"-1\">FIREDUCE Portada<\/div><div class=\"n2-ss-layers-container n2-ss-slide-limiter n2-ow\"><div class=\"n2-ss-layer n2-ow n-uc-Ykn2JRoG8sj7\" data-sstype=\"slide\" data-pm=\"default\"><\/div><\/div><\/div>                    <\/div>\n\n                                    <\/div>\n            <\/div>\n        <\/div>\n        <\/div><ss3-loader><\/ss3-loader><\/div><\/div><div class=\"n2_clear\"><\/div><\/div><\/ss3-force-full-width><\/div>\n\n\n<div style=\"height:80px\" aria-hidden=\"true\" class=\"wp-block-spacer\"><\/div>\n\n\n\n<h1 class=\"wp-block-heading has-vivid-red-color has-text-color\"><strong>FIreDUCE: Estudio de la resistencia al fuego de vigas h\u00edbridas acero-hormig\u00f3n-madera para sistemas estructurales reutilizables<\/strong><\/h1>\n\n\n\n<div style=\"height:45px\" aria-hidden=\"true\" class=\"wp-block-spacer\"><\/div>\n\n\n\n<div class=\"wp-block-columns is-layout-flex wp-container-core-columns-is-layout-9d6595d7 wp-block-columns-is-layout-flex\">\n<div class=\"wp-block-column is-layout-flow wp-block-column-is-layout-flow\">\n<p>I<strong>nvestigador principal<\/strong>:<\/p>\n\n\n\n<p>MANUEL LUIS ROMERO GARC\u00cdA<\/p>\n\n\n\n<p> <strong>Miembros del equipo<\/strong>:<\/p>\n\n\n\n<ul class=\"wp-block-list\">\n<li>ANA ESPIN\u00d3S CAPILLA<\/li>\n\n\n\n<li>ANTONIO HOSPITALER P\u00c9REZ<\/li>\n\n\n\n<li>IGNACIO JAVIER PAY\u00c1 ZAFORTEZA<\/li>\n\n\n\n<li>ROBERTO MANSILLA RUIZ<\/li>\n<\/ul>\n\n\n\n<p><strong>Organismo financiador:<\/strong><\/p>\n\n\n\n<figure class=\"wp-block-image size-large is-resized\"><img loading=\"lazy\" decoding=\"async\" width=\"1024\" height=\"546\" src=\"https:\/\/icitech.webs.upv.es\/wp-content\/uploads\/2024\/05\/GVA-Conselleria-Educacio-Universitats-Ocupacio-1024x546.webp\" alt=\"GVA-Conselleria-Educacio-Universitats-Ocupacio\" class=\"wp-image-3619\" style=\"width:206px;height:auto\" srcset=\"https:\/\/icitech.webs.upv.es\/wp-content\/uploads\/2024\/05\/GVA-Conselleria-Educacio-Universitats-Ocupacio-1024x546.webp 1024w, https:\/\/icitech.webs.upv.es\/wp-content\/uploads\/2024\/05\/GVA-Conselleria-Educacio-Universitats-Ocupacio-300x160.webp 300w, https:\/\/icitech.webs.upv.es\/wp-content\/uploads\/2024\/05\/GVA-Conselleria-Educacio-Universitats-Ocupacio-768x410.webp 768w, https:\/\/icitech.webs.upv.es\/wp-content\/uploads\/2024\/05\/GVA-Conselleria-Educacio-Universitats-Ocupacio.webp 1323w\" sizes=\"auto, (max-width: 1024px) 100vw, 1024px\" \/><\/figure>\n\n\n\n<p><strong>Duraci\u00f3n<\/strong>: 01\/01\/2021 &#8211; 31\/12\/2023<\/p>\n\n\n\n<p><strong>Referencia<\/strong>: AICO\/2021\/297<\/p>\n<\/div>\n\n\n\n<div class=\"wp-block-column is-layout-flow wp-block-column-is-layout-flow\"><div class=\"wp-block-image\">\n<figure class=\"aligncenter size-large is-resized\"><img loading=\"lazy\" decoding=\"async\" width=\"766\" height=\"1024\" src=\"https:\/\/icitech.webs.upv.es\/wp-content\/uploads\/2024\/05\/FIREDUCE-Fotografia-prueba-766x1024.webp\" alt=\"FIREDUCE-Fotografia-prueba\" class=\"wp-image-3716\" style=\"width:450px;height:auto\" srcset=\"https:\/\/icitech.webs.upv.es\/wp-content\/uploads\/2024\/05\/FIREDUCE-Fotografia-prueba-766x1024.webp 766w, https:\/\/icitech.webs.upv.es\/wp-content\/uploads\/2024\/05\/FIREDUCE-Fotografia-prueba-224x300.webp 224w, https:\/\/icitech.webs.upv.es\/wp-content\/uploads\/2024\/05\/FIREDUCE-Fotografia-prueba-768x1027.webp 768w, https:\/\/icitech.webs.upv.es\/wp-content\/uploads\/2024\/05\/FIREDUCE-Fotografia-prueba.webp 900w\" sizes=\"auto, (max-width: 766px) 100vw, 766px\" \/><\/figure>\n<\/div><\/div>\n<\/div>\n\n\n\n<div style=\"height:45px\" aria-hidden=\"true\" class=\"wp-block-spacer\"><\/div>\n\n\n\n<h2 class=\"wp-block-heading\"><strong>Resumen<\/strong><\/h2>\n\n\n\n<p>El proyecto propuesto aborda soluciones para reducir las emisiones de carbono asociadas a las estructuras de los edificios fomentando la reutilizaci\u00f3n de los sistemas y componentes de \u00e9stas, para adaptarse a las crecientes necesidades de una econom\u00eda circular en el sector de la construcci\u00f3n en respuesta a requisitos de sostenibilidad. <\/p>\n\n\n\n<div class=\"wp-block-columns is-layout-flex wp-container-core-columns-is-layout-9d6595d7 wp-block-columns-is-layout-flex\">\n<div class=\"wp-block-column is-layout-flow wp-block-column-is-layout-flow\">\n<figure class=\"wp-block-image size-large is-resized\"><img loading=\"lazy\" decoding=\"async\" width=\"1024\" height=\"476\" src=\"https:\/\/icitech.webs.upv.es\/wp-content\/uploads\/2024\/05\/FIREDUCE-simulacion-seccion-1024x476.webp\" alt=\"FIREDUCE-simulacion-seccion\" class=\"wp-image-3722\" style=\"width:auto;height:200px\" srcset=\"https:\/\/icitech.webs.upv.es\/wp-content\/uploads\/2024\/05\/FIREDUCE-simulacion-seccion-1024x476.webp 1024w, https:\/\/icitech.webs.upv.es\/wp-content\/uploads\/2024\/05\/FIREDUCE-simulacion-seccion-300x139.webp 300w, https:\/\/icitech.webs.upv.es\/wp-content\/uploads\/2024\/05\/FIREDUCE-simulacion-seccion-768x357.webp 768w, https:\/\/icitech.webs.upv.es\/wp-content\/uploads\/2024\/05\/FIREDUCE-simulacion-seccion.webp 1140w\" sizes=\"auto, (max-width: 1024px) 100vw, 1024px\" \/><\/figure>\n<\/div>\n\n\n\n<div class=\"wp-block-column is-layout-flow wp-block-column-is-layout-flow\">\n<figure class=\"wp-block-image size-full is-resized\"><img loading=\"lazy\" decoding=\"async\" width=\"924\" height=\"551\" src=\"https:\/\/icitech.webs.upv.es\/wp-content\/uploads\/2024\/05\/FIREDUCE-simulacion-viga.webp\" alt=\"FIREDUCE-simulacion-viga\" class=\"wp-image-3723\" style=\"width:auto;height:200px\" srcset=\"https:\/\/icitech.webs.upv.es\/wp-content\/uploads\/2024\/05\/FIREDUCE-simulacion-viga.webp 924w, https:\/\/icitech.webs.upv.es\/wp-content\/uploads\/2024\/05\/FIREDUCE-simulacion-viga-300x179.webp 300w, https:\/\/icitech.webs.upv.es\/wp-content\/uploads\/2024\/05\/FIREDUCE-simulacion-viga-768x458.webp 768w\" sizes=\"auto, (max-width: 924px) 100vw, 924px\" \/><\/figure>\n<\/div>\n<\/div>\n\n\n\n<p>El proyecto tiene como objetivo proporcionar orientaci\u00f3n sobre el dise\u00f1o para la deconstrucci\u00f3n y reutilizaci\u00f3n de estructuras de edificios con consideraciones sobre seguridad a fuego y la reutilizaci\u00f3n de la protecci\u00f3n contra incendios. La aplicaci\u00f3n principal de la soluci\u00f3n propuesta son los edificios con estructura de acero de varios pisos, utilizando estructuras mixtas por su eficiencia estructural, velocidad de construcci\u00f3n y menores costes. Se desarrollar\u00e1n ensayos experimentales y simulaciones num\u00e9ricas de sistemas de construcci\u00f3n mixtos desmontables empleando acero, hormig\u00f3n y madera como material de protecci\u00f3n (i.e. h\u00edbridos) para obtener resistencias al fuego en el rango de R60\/90.<\/p>\n\n\n\n<div class=\"wp-block-columns is-layout-flex wp-container-core-columns-is-layout-9d6595d7 wp-block-columns-is-layout-flex\">\n<div class=\"wp-block-column is-layout-flow wp-block-column-is-layout-flow\">\n<figure class=\"wp-block-image size-full\"><img loading=\"lazy\" decoding=\"async\" width=\"900\" height=\"675\" src=\"https:\/\/icitech.webs.upv.es\/wp-content\/uploads\/2024\/05\/FIREDUCE-Fotografia-viga-1.webp\" alt=\"FIREDUCE-Fotografia-viga-1\" class=\"wp-image-3720\" srcset=\"https:\/\/icitech.webs.upv.es\/wp-content\/uploads\/2024\/05\/FIREDUCE-Fotografia-viga-1.webp 900w, https:\/\/icitech.webs.upv.es\/wp-content\/uploads\/2024\/05\/FIREDUCE-Fotografia-viga-1-300x225.webp 300w, https:\/\/icitech.webs.upv.es\/wp-content\/uploads\/2024\/05\/FIREDUCE-Fotografia-viga-1-768x576.webp 768w, https:\/\/icitech.webs.upv.es\/wp-content\/uploads\/2024\/05\/FIREDUCE-Fotografia-viga-1-380x285.webp 380w, https:\/\/icitech.webs.upv.es\/wp-content\/uploads\/2024\/05\/FIREDUCE-Fotografia-viga-1-285x214.webp 285w\" sizes=\"auto, (max-width: 900px) 100vw, 900px\" \/><\/figure>\n<\/div>\n\n\n\n<div class=\"wp-block-column is-layout-flow wp-block-column-is-layout-flow\">\n<figure class=\"wp-block-image size-full\"><img loading=\"lazy\" decoding=\"async\" width=\"900\" height=\"675\" src=\"https:\/\/icitech.webs.upv.es\/wp-content\/uploads\/2024\/05\/FIREDUCE-Fotografia.webp\" alt=\"FIREDUCE-Fotografia\" class=\"wp-image-3721\" srcset=\"https:\/\/icitech.webs.upv.es\/wp-content\/uploads\/2024\/05\/FIREDUCE-Fotografia.webp 900w, https:\/\/icitech.webs.upv.es\/wp-content\/uploads\/2024\/05\/FIREDUCE-Fotografia-300x225.webp 300w, https:\/\/icitech.webs.upv.es\/wp-content\/uploads\/2024\/05\/FIREDUCE-Fotografia-768x576.webp 768w, https:\/\/icitech.webs.upv.es\/wp-content\/uploads\/2024\/05\/FIREDUCE-Fotografia-380x285.webp 380w, https:\/\/icitech.webs.upv.es\/wp-content\/uploads\/2024\/05\/FIREDUCE-Fotografia-285x214.webp 285w\" sizes=\"auto, (max-width: 900px) 100vw, 900px\" \/><\/figure>\n<\/div>\n<\/div>\n\n\n\n<div style=\"height:80px\" aria-hidden=\"true\" class=\"wp-block-spacer\"><\/div>\n","protected":false},"excerpt":{"rendered":"<p>FIreDUCE: Estudio de la resistencia al fuego de vigas h\u00edbridas acero-hormig\u00f3n-madera para sistemas estructurales reutilizables Investigador principal: MANUEL LUIS ROMERO GARC\u00cdA Miembros del equipo: Organismo financiador: Duraci\u00f3n: 01\/01\/2021 &#8211; 31\/12\/2023 Referencia: AICO\/2021\/297 Resumen El proyecto propuesto aborda soluciones para reducir las emisiones de carbono asociadas a las estructuras de los edificios fomentando la reutilizaci\u00f3n de&hellip;<\/p>\n<p class=\"more-link\"><a href=\"https:\/\/icitech.webs.upv.es\/index.php\/home\/proyectos\/fireduce-estudio-de-la-resistencia-al-fuego-de-vigas-hibridas-acero-hormigon-madera-para-sistemas-estructurales-reutilizables\/\" class=\"themebutton\">Read More<\/a><\/p>\n","protected":false},"author":1,"featured_media":0,"parent":847,"menu_order":0,"comment_status":"closed","ping_status":"closed","template":"","meta":{"_acf_changed":false,"footnotes":""},"class_list":["post-3646","page","type-page","status-publish","hentry"],"acf":[],"_links":{"self":[{"href":"https:\/\/icitech.webs.upv.es\/index.php\/wp-json\/wp\/v2\/pages\/3646","targetHints":{"allow":["GET"]}}],"collection":[{"href":"https:\/\/icitech.webs.upv.es\/index.php\/wp-json\/wp\/v2\/pages"}],"about":[{"href":"https:\/\/icitech.webs.upv.es\/index.php\/wp-json\/wp\/v2\/types\/page"}],"author":[{"embeddable":true,"href":"https:\/\/icitech.webs.upv.es\/index.php\/wp-json\/wp\/v2\/users\/1"}],"replies":[{"embeddable":true,"href":"https:\/\/icitech.webs.upv.es\/index.php\/wp-json\/wp\/v2\/comments?post=3646"}],"version-history":[{"count":0,"href":"https:\/\/icitech.webs.upv.es\/index.php\/wp-json\/wp\/v2\/pages\/3646\/revisions"}],"up":[{"embeddable":true,"href":"https:\/\/icitech.webs.upv.es\/index.php\/wp-json\/wp\/v2\/pages\/847"}],"wp:attachment":[{"href":"https:\/\/icitech.webs.upv.es\/index.php\/wp-json\/wp\/v2\/media?parent=3646"}],"curies":[{"name":"wp","href":"https:\/\/api.w.org\/{rel}","templated":true}]}}