{"id":3652,"date":"2024-05-24T11:50:55","date_gmt":"2024-05-24T11:50:55","guid":{"rendered":"https:\/\/icitech.webs.upv.es\/?page_id=3652"},"modified":"2024-05-28T11:47:00","modified_gmt":"2024-05-28T11:47:00","slug":"enhance-refuerzo-de-edificios-existentes-para-mejorar-su-robustez-colgando-los-forjados-de-vigas-de-rigidez-en-la-ultima-planta","status":"publish","type":"page","link":"https:\/\/icitech.webs.upv.es\/index.php\/home\/proyectos\/enhance-refuerzo-de-edificios-existentes-para-mejorar-su-robustez-colgando-los-forjados-de-vigas-de-rigidez-en-la-ultima-planta\/","title":{"rendered":"Enhance: Refuerzo de edificios existentes para mejorar su robustez colgando los forjados de vigas de rigidez en la \u00faltima planta"},"content":{"rendered":"<div><ss3-force-full-width data-overflow-x=\"body\" data-horizontal-selector=\"body\"><div class=\"n2-section-smartslider fitvidsignore \" data-ssid=\"47\"><div id=\"n2-ss-47-align\" class=\"n2-ss-align\"><div class=\"n2-padding\"><div id=\"n2-ss-47\" data-creator=\"Smart Slider 3\" data-responsive=\"fullwidth\" class=\"n2-ss-slider n2-ow n2-has-hover n2notransition  \">\n        <div class=\"n2-ss-slider-1 n2_ss__touch_element n2-ow\">\n            <div class=\"n2-ss-slider-2 n2-ow\">\n                                                <div class=\"n2-ss-slider-3 n2-ow\">\n\n                    <div class=\"n2-ss-slide-backgrounds n2-ow-all\"><div class=\"n2-ss-slide-background\" data-public-id=\"1\" data-mode=\"fill\"><div class=\"n2-ss-slide-background-image\" data-blur=\"0\" data-opacity=\"100\" data-x=\"61\" data-y=\"60\" data-alt=\"Enhance portada\" data-title=\"Enhance portada\" style=\"--ss-o-pos-x:61%;--ss-o-pos-y:60%\"><picture class=\"skip-lazy\" data-skip-lazy=\"1\"><img decoding=\"async\" src=\"\/\/icitech.webs.upv.es\/wp-content\/uploads\/2024\/05\/Enhance-portada.webp\" alt=\"Enhance portada\" title=\"Enhance portada\" loading=\"lazy\" class=\"skip-lazy\" data-skip-lazy=\"1\"><\/picture><\/div><div data-color=\"RGBA(255,255,255,0)\" style=\"background-color: RGBA(255,255,255,0);\" class=\"n2-ss-slide-background-color\"><\/div><\/div><\/div>                    <div class=\"n2-ss-slider-4 n2-ow\">\n                        <svg xmlns=\"http:\/\/www.w3.org\/2000\/svg\" viewBox=\"0 0 1200 200\" data-related-device=\"desktopPortrait\" class=\"n2-ow n2-ss-preserve-size n2-ss-preserve-size--slider n2-ss-slide-limiter\"><\/svg><div data-first=\"1\" data-slide-duration=\"0\" data-id=\"70\" data-slide-public-id=\"1\" data-title=\"Enhance portada\" class=\"n2-ss-slide n2-ow  n2-ss-slide-70\"><div role=\"note\" class=\"n2-ss-slide--focus\" tabindex=\"-1\">Enhance portada<\/div><div class=\"n2-ss-layers-container n2-ss-slide-limiter n2-ow\"><div class=\"n2-ss-layer n2-ow n-uc-4HPN9EXM6FQT\" data-sstype=\"slide\" data-pm=\"default\"><\/div><\/div><\/div>                    <\/div>\n\n                                    <\/div>\n            <\/div>\n        <\/div>\n        <\/div><ss3-loader><\/ss3-loader><\/div><\/div><div class=\"n2_clear\"><\/div><\/div><\/ss3-force-full-width><\/div>\n\n\n<div style=\"height:80px\" aria-hidden=\"true\" class=\"wp-block-spacer\"><\/div>\n\n\n\n<h1 class=\"wp-block-heading has-vivid-red-color has-text-color\"><strong>Enhance: Refuerzo de edificios existentes para mejorar su robustez colgando los forjados de vigas de rigidez en la \u00faltima planta<\/strong><\/h1>\n\n\n\n<div style=\"height:45px\" aria-hidden=\"true\" class=\"wp-block-spacer\"><\/div>\n\n\n\n<div class=\"wp-block-columns is-layout-flex wp-container-core-columns-is-layout-9d6595d7 wp-block-columns-is-layout-flex\">\n<div class=\"wp-block-column is-layout-flow wp-block-column-is-layout-flow\" style=\"flex-basis:300px\">\n<p><strong>Investigadores principales<\/strong>:<\/p>\n\n\n\n<p>JOSE M. ADAM<\/p>\n\n\n\n<p> <strong>Miembros del equipo<\/strong>:<\/p>\n\n\n\n<ul class=\"wp-block-list\">\n<li>LISBEL RUEDA-GARC\u00cdA<\/li>\n\n\n\n<li>BRAIS BARROS<\/li>\n\n\n\n<li>MARCOS ARIAS-GRACEY<\/li>\n\n\n\n<li>JUAN S. FONTALVO-GARC\u00cdA<\/li>\n<\/ul>\n\n\n\n<p><strong>Organismo financiador:<\/strong><\/p>\n\n\n\n<figure class=\"wp-block-image size-full is-resized\"><img loading=\"lazy\" decoding=\"async\" width=\"600\" height=\"357\" src=\"https:\/\/icitech.webs.upv.es\/wp-content\/uploads\/2024\/05\/LOGO-CONSELLERIA-INNOVACION-UNIVERSIDADES.webp\" alt=\"LOGO-CONSELLERIA-INNOVACION-UNIVERSIDADES\" class=\"wp-image-3731\" style=\"width:206px;height:auto\" srcset=\"https:\/\/icitech.webs.upv.es\/wp-content\/uploads\/2024\/05\/LOGO-CONSELLERIA-INNOVACION-UNIVERSIDADES.webp 600w, https:\/\/icitech.webs.upv.es\/wp-content\/uploads\/2024\/05\/LOGO-CONSELLERIA-INNOVACION-UNIVERSIDADES-300x179.webp 300w\" sizes=\"auto, (max-width: 600px) 100vw, 600px\" \/><\/figure>\n\n\n\n<p><strong>Duraci\u00f3n<\/strong>: 01\/01\/2023 &#8211; 31\/12\/2026<\/p>\n\n\n\n<p><strong>Referencia<\/strong>: CIPROM\/2022\/47<\/p>\n<\/div>\n\n\n\n<div class=\"wp-block-column is-layout-flow wp-block-column-is-layout-flow\"><div class=\"wp-block-image\">\n<figure class=\"aligncenter size-full is-resized\"><img loading=\"lazy\" decoding=\"async\" width=\"999\" height=\"886\" src=\"https:\/\/icitech.webs.upv.es\/wp-content\/uploads\/2024\/05\/Imagen-Enhance.webp\" alt=\"Imagen-Enhance\" class=\"wp-image-3747\" style=\"width:531px;height:auto\" srcset=\"https:\/\/icitech.webs.upv.es\/wp-content\/uploads\/2024\/05\/Imagen-Enhance.webp 999w, https:\/\/icitech.webs.upv.es\/wp-content\/uploads\/2024\/05\/Imagen-Enhance-300x266.webp 300w, https:\/\/icitech.webs.upv.es\/wp-content\/uploads\/2024\/05\/Imagen-Enhance-768x681.webp 768w\" sizes=\"auto, (max-width: 999px) 100vw, 999px\" \/><\/figure>\n<\/div><\/div>\n<\/div>\n\n\n\n<div style=\"height:45px\" aria-hidden=\"true\" class=\"wp-block-spacer\"><\/div>\n\n\n\n<h2 class=\"wp-block-heading\"><strong>Resumen<\/strong><\/h2>\n\n\n\n<p>Con el aumento constante de eventos an\u00f3malos extremos, se hace patente la necesidad de contar con edificios robustos que puedan soportar da\u00f1os locales iniciales sin sufrir la propagaci\u00f3n de fallos. De hecho, muchos c\u00f3digos de dise\u00f1o exigen ahora expl\u00edcitamente que los edificios considerados de alto riesgo se dise\u00f1en con un grado suficiente de redundancia para garantizar que el fallo de un solo componente no provoque un colapso desproporcionado.<\/p>\n\n\n\n<p>Afortunadamente, gracias al gran esfuerzo de investigaci\u00f3n realizado en el campo del colapso progresivo en las \u00faltimas d\u00e9cadas, los ingenieros ya disponen de varios m\u00e9todos y soluciones para el dise\u00f1o de nuevas construcciones. Sin embargo, la gran mayor\u00eda de esas investigaciones no son aplicables a las estructuras de edificios existentes. Adem\u00e1s, las pocas soluciones de refuerzo propuestas para mejorar la robustez estructural tienden a ser excesivamente invasivas o complejas de aplicar. Muchas de ellas son tambi\u00e9n de car\u00e1cter local, por lo que suelen resultar ineficaces a nivel global. Al mismo tiempo, la mayor\u00eda de los edificios alrededor del mundo se dise\u00f1aron y construyeron con poca o ninguna consideraci\u00f3n de la robustez estructural. Muchos de estos edificios existentes est\u00e1n ocupados por un gran n\u00famero de personas o forman parte de infraestructuras cr\u00edticas, lo que significa que su colapso tendr\u00eda consecuencias catastr\u00f3ficas para la sociedad. La mera sustituci\u00f3n de estos edificios no s\u00f3lo es inviable, sino tambi\u00e9n insostenible, ya que es esencial maximizar el uso de las estructuras existentes e incluso prolongar su vida \u00fatil tanto como sea posible de forma segura en la lucha contra el cambio clim\u00e1tico y la escasez de recursos. Por ello, urge encontrar soluciones de refuerzo eficaces y pr\u00e1cticas para mejorar la robustez de los edificios existentes.<\/p>\n\n\n\n<p>Una soluci\u00f3n prometedora para afrontar este reto consiste en a\u00f1adir vigas de refuerzo en la \u00faltima planta de los edificios. Los forjados quedar\u00edan suspendidos de estas vigas en caso de fallo de una o varias columnas de las plantas inferiores. A diferencia de la mayor\u00eda de las t\u00e9cnicas de refuerzo estudiadas en el pasado, esta soluci\u00f3n no interferir\u00eda con el espacio interior del edificio y requerir\u00eda mayormente de obras de construcci\u00f3n en la planta del tejado. A pesar de que esta estrategia se ha mencionado anteriormente, hasta la fecha no se ha llevado a cabo ninguna investigaci\u00f3n que pueda dar lugar a su aplicaci\u00f3n efectiva en los edificios.<\/p>\n\n\n\n<p class=\"has-white-color has-vivid-red-background-color has-text-color has-background has-link-color wp-elements-0061d51cfe253ef8ab3c5478ef036cfc\">El objetivo general de <strong><em>Enhance<\/em><\/strong> es desarrollar un enfoque novedoso para el refuerzo de edificios colgando los forjados de vigas de rigidez en su \u00faltima planta para garantizar que cumplen los \u00faltimos requisitos de robustez estructural.<\/p>\n\n\n\n<div style=\"height:80px\" aria-hidden=\"true\" class=\"wp-block-spacer\"><\/div>\n","protected":false},"excerpt":{"rendered":"<p>Enhance: Refuerzo de edificios existentes para mejorar su robustez colgando los forjados de vigas de rigidez en la \u00faltima planta Investigadores principales: JOSE M. ADAM Miembros del equipo: Organismo financiador: Duraci\u00f3n: 01\/01\/2023 &#8211; 31\/12\/2026 Referencia: CIPROM\/2022\/47 Resumen Con el aumento constante de eventos an\u00f3malos extremos, se hace patente la necesidad de contar con edificios robustos&hellip;<\/p>\n<p class=\"more-link\"><a href=\"https:\/\/icitech.webs.upv.es\/index.php\/home\/proyectos\/enhance-refuerzo-de-edificios-existentes-para-mejorar-su-robustez-colgando-los-forjados-de-vigas-de-rigidez-en-la-ultima-planta\/\" class=\"themebutton\">Read More<\/a><\/p>\n","protected":false},"author":1,"featured_media":0,"parent":847,"menu_order":0,"comment_status":"closed","ping_status":"closed","template":"","meta":{"_acf_changed":false,"footnotes":""},"class_list":["post-3652","page","type-page","status-publish","hentry"],"acf":[],"_links":{"self":[{"href":"https:\/\/icitech.webs.upv.es\/index.php\/wp-json\/wp\/v2\/pages\/3652","targetHints":{"allow":["GET"]}}],"collection":[{"href":"https:\/\/icitech.webs.upv.es\/index.php\/wp-json\/wp\/v2\/pages"}],"about":[{"href":"https:\/\/icitech.webs.upv.es\/index.php\/wp-json\/wp\/v2\/types\/page"}],"author":[{"embeddable":true,"href":"https:\/\/icitech.webs.upv.es\/index.php\/wp-json\/wp\/v2\/users\/1"}],"replies":[{"embeddable":true,"href":"https:\/\/icitech.webs.upv.es\/index.php\/wp-json\/wp\/v2\/comments?post=3652"}],"version-history":[{"count":0,"href":"https:\/\/icitech.webs.upv.es\/index.php\/wp-json\/wp\/v2\/pages\/3652\/revisions"}],"up":[{"embeddable":true,"href":"https:\/\/icitech.webs.upv.es\/index.php\/wp-json\/wp\/v2\/pages\/847"}],"wp:attachment":[{"href":"https:\/\/icitech.webs.upv.es\/index.php\/wp-json\/wp\/v2\/media?parent=3652"}],"curies":[{"name":"wp","href":"https:\/\/api.w.org\/{rel}","templated":true}]}}