{"id":3655,"date":"2024-05-24T12:06:04","date_gmt":"2024-05-24T12:06:04","guid":{"rendered":"https:\/\/icitech.webs.upv.es\/?page_id=3655"},"modified":"2024-05-29T09:35:01","modified_gmt":"2024-05-29T09:35:01","slug":"endure-segmentacion-basada-en-fusibles-para-evitar-la-propagacion-de-fallos-en-estructuras-de-edificios","status":"publish","type":"page","link":"https:\/\/icitech.webs.upv.es\/index.php\/home\/proyectos\/endure-segmentacion-basada-en-fusibles-para-evitar-la-propagacion-de-fallos-en-estructuras-de-edificios\/","title":{"rendered":"Endure: Segmentaci\u00f3n basada en fusibles para evitar la propagaci\u00f3n de fallos en estructuras de edificios"},"content":{"rendered":"<div><ss3-force-full-width data-overflow-x=\"body\" data-horizontal-selector=\"body\"><div class=\"n2-section-smartslider fitvidsignore \" data-ssid=\"48\"><div id=\"n2-ss-48-align\" class=\"n2-ss-align\"><div class=\"n2-padding\"><div id=\"n2-ss-48\" data-creator=\"Smart Slider 3\" data-responsive=\"fullwidth\" class=\"n2-ss-slider n2-ow n2-has-hover n2notransition  \">\n        <div class=\"n2-ss-slider-1 n2_ss__touch_element n2-ow\">\n            <div class=\"n2-ss-slider-2 n2-ow\">\n                                                <div class=\"n2-ss-slider-3 n2-ow\">\n\n                    <div class=\"n2-ss-slide-backgrounds n2-ow-all\"><div class=\"n2-ss-slide-background\" data-public-id=\"1\" data-mode=\"fill\"><div class=\"n2-ss-slide-background-image\" data-blur=\"0\" data-opacity=\"100\" data-x=\"61\" data-y=\"60\" data-alt=\"Endure Portada\" data-title=\"Endure Portada\" style=\"--ss-o-pos-x:61%;--ss-o-pos-y:60%\"><picture class=\"skip-lazy\" data-skip-lazy=\"1\"><img decoding=\"async\" src=\"\/\/icitech.webs.upv.es\/wp-content\/uploads\/2024\/05\/Endure-Portada.webp\" alt=\"Endure Portada\" title=\"Endure Portada\" loading=\"lazy\" class=\"skip-lazy\" data-skip-lazy=\"1\"><\/picture><\/div><div data-color=\"RGBA(255,255,255,0)\" style=\"background-color: RGBA(255,255,255,0);\" class=\"n2-ss-slide-background-color\"><\/div><\/div><\/div>                    <div class=\"n2-ss-slider-4 n2-ow\">\n                        <svg xmlns=\"http:\/\/www.w3.org\/2000\/svg\" viewBox=\"0 0 1200 200\" data-related-device=\"desktopPortrait\" class=\"n2-ow n2-ss-preserve-size n2-ss-preserve-size--slider n2-ss-slide-limiter\"><\/svg><div data-first=\"1\" data-slide-duration=\"0\" data-id=\"71\" data-slide-public-id=\"1\" data-title=\"Endure Portada\" class=\"n2-ss-slide n2-ow  n2-ss-slide-71\"><div role=\"note\" class=\"n2-ss-slide--focus\" tabindex=\"-1\">Endure Portada<\/div><div class=\"n2-ss-layers-container n2-ss-slide-limiter n2-ow\"><div class=\"n2-ss-layer n2-ow n-uc-HKNElPKnuDkF\" data-sstype=\"slide\" data-pm=\"default\"><\/div><\/div><\/div>                    <\/div>\n\n                                    <\/div>\n            <\/div>\n        <\/div>\n        <\/div><ss3-loader><\/ss3-loader><\/div><\/div><div class=\"n2_clear\"><\/div><\/div><\/ss3-force-full-width><\/div>\n\n\n<div style=\"height:80px\" aria-hidden=\"true\" class=\"wp-block-spacer\"><\/div>\n\n\n\n<h1 class=\"wp-block-heading has-vivid-red-color has-text-color\"><strong>Endure: Segmentaci\u00f3n basada en fusibles para evitar la propagaci\u00f3n de fallos en estructuras de edificios <\/strong><\/h1>\n\n\n\n<div style=\"height:45px\" aria-hidden=\"true\" class=\"wp-block-spacer\"><\/div>\n\n\n\n<div class=\"wp-block-columns is-layout-flex wp-container-core-columns-is-layout-9d6595d7 wp-block-columns-is-layout-flex\">\n<div class=\"wp-block-column is-layout-flow wp-block-column-is-layout-flow\" style=\"flex-basis:250px\">\n<p><strong>Investigador principal<\/strong>:<\/p>\n\n\n\n<p>JOSE M. ADAM<\/p>\n\n\n\n<p> <strong>Miembros del equipo<\/strong>:<\/p>\n\n\n\n<ul class=\"wp-block-list\">\n<li>MANUEL BUITRAGO<\/li>\n\n\n\n<li>NIRVAN MAKOOND<\/li>\n\n\n\n<li>ANDRI SETIAWAN<\/li>\n\n\n\n<li>GIACOMO CAREDDA<\/li>\n\n\n\n<li>DIEGO F. CETINA<\/li>\n\n\n\n<li>LORENZO MAR\u00cdN<\/li>\n\n\n\n<li>MARIA L. GERBAUDO<\/li>\n\n\n\n<li>MARINA OLIVER<\/li>\n<\/ul>\n\n\n\n<p><strong>Organismo financiador:<\/strong><\/p>\n\n\n\n<figure class=\"wp-block-image size-large is-resized\"><img loading=\"lazy\" decoding=\"async\" width=\"1024\" height=\"724\" src=\"https:\/\/icitech.webs.upv.es\/wp-content\/uploads\/2024\/05\/LOGO_EUROPEAN-RESEARCH-COUNCIL-1024x724.webp\" alt=\"\" class=\"wp-image-3751\" style=\"width:181px;height:auto\" srcset=\"https:\/\/icitech.webs.upv.es\/wp-content\/uploads\/2024\/05\/LOGO_EUROPEAN-RESEARCH-COUNCIL-1024x724.webp 1024w, https:\/\/icitech.webs.upv.es\/wp-content\/uploads\/2024\/05\/LOGO_EUROPEAN-RESEARCH-COUNCIL-300x212.webp 300w, https:\/\/icitech.webs.upv.es\/wp-content\/uploads\/2024\/05\/LOGO_EUROPEAN-RESEARCH-COUNCIL-768x543.webp 768w, https:\/\/icitech.webs.upv.es\/wp-content\/uploads\/2024\/05\/LOGO_EUROPEAN-RESEARCH-COUNCIL.webp 1200w\" sizes=\"auto, (max-width: 1024px) 100vw, 1024px\" \/><\/figure>\n<\/div>\n\n\n\n<div class=\"wp-block-column is-layout-flow wp-block-column-is-layout-flow\">\n<p class=\"has-text-align-right\"><strong>Duraci\u00f3n<\/strong>: 01\/01\/2022 &#8211; 31\/12\/2026<\/p>\n\n\n\n<p class=\"has-text-align-right\"><strong>Referencia<\/strong>: 101000396<\/p>\n\n\n<div class=\"wp-block-image\">\n<figure class=\"alignright size-full is-resized\"><img loading=\"lazy\" decoding=\"async\" width=\"1000\" height=\"667\" src=\"https:\/\/icitech.webs.upv.es\/wp-content\/uploads\/2024\/05\/Imagen-Endure.webp\" alt=\"Imagen-Endure\" class=\"wp-image-3752\" style=\"width:664px;height:auto\" srcset=\"https:\/\/icitech.webs.upv.es\/wp-content\/uploads\/2024\/05\/Imagen-Endure.webp 1000w, https:\/\/icitech.webs.upv.es\/wp-content\/uploads\/2024\/05\/Imagen-Endure-300x200.webp 300w, https:\/\/icitech.webs.upv.es\/wp-content\/uploads\/2024\/05\/Imagen-Endure-768x512.webp 768w, https:\/\/icitech.webs.upv.es\/wp-content\/uploads\/2024\/05\/Imagen-Endure-570x380.webp 570w, https:\/\/icitech.webs.upv.es\/wp-content\/uploads\/2024\/05\/Imagen-Endure-380x254.webp 380w, https:\/\/icitech.webs.upv.es\/wp-content\/uploads\/2024\/05\/Imagen-Endure-285x190.webp 285w\" sizes=\"auto, (max-width: 1000px) 100vw, 1000px\" \/><\/figure>\n<\/div><\/div>\n<\/div>\n\n\n\n<div style=\"height:45px\" aria-hidden=\"true\" class=\"wp-block-spacer\"><\/div>\n\n\n\n<h2 class=\"wp-block-heading\"><strong>Resumen<\/strong><\/h2>\n\n\n\n<p>Los eventos extremos suelen causar da\u00f1os locales iniciales en los elementos cr\u00edticos de las estructuras de los edificios, iniciando una cascada de fallos posteriores en el resto del edificio. Este fen\u00f3meno se conoce como \u00abcolapso progresivo\u00bb. Las filosof\u00edas de dise\u00f1o actuales se basan en dotar a los edificios de una amplia continuidad, de modo que cuando falle un elemento cr\u00edtico, su carga pueda redistribuirse entre el resto de la estructura. Sin embargo, en determinadas situaciones (por ejemplo tras el fallo inicial de varias columnas) esta continuidad extensiva introduce efectos indeseables y, de hecho, puede aumentar el riesgo de colapso progresivo. Segmentar un edificio en unidades individuales conectadas \u00fanicamente mediante fusibles evitar\u00eda que un fallo en una zona se propagara a otras. Este nuevo enfoque proporcionar\u00eda continuidad para cargas normales o peque\u00f1os fallos locales-iniciales, y aislar\u00edan las distintas partes del edificio cuando, de otro modo, las fuerzas generadas por el fallo inicial pudieran propagar el fallo de forma desproporcionada al resto de la estructura. Aunque la segmentaci\u00f3n basada en fusibles es probablemente la \u00fanica alternativa que puede cubrir las lagunas de las actuales filosof\u00edas de dise\u00f1o, hasta ahora no se han realizado estudios sobre la posibilidad de aplicarla a los edificios.<\/p>\n\n\n\n<p class=\"has-white-color has-vivid-red-background-color has-text-color has-background has-link-color wp-elements-6efd21d2304504b0ab4f4ae1888ab22f\">El objetivo general de <strong><em>Endure<\/em><\/strong> es desarrollar un novedoso enfoque de dise\u00f1o basado en la segmentaci\u00f3n por fusibles para limitar o detener la propagaci\u00f3n de fallos en estructuras de edificios sometidas a sucesos extremos.<\/p>\n\n\n\n<p>El proyecto ser\u00e1 multidisciplinar y muy ambicioso, y lograr\u00e1 su objetivo general mediante: 1) El desarrollo de un marco para el dise\u00f1o de edificios segmentados por fusibles; 2) El dise\u00f1o, la fabricaci\u00f3n y el ensayo de fusibles para segmentar edificios; y 3) La implementaci\u00f3n y validaci\u00f3n de la nueva filosof\u00eda de dise\u00f1o en prototipos de edificios reales.<\/p>\n\n\n\n<p><em>Endure<\/em> abrir\u00e1 un nuevo campo de investigaci\u00f3n y un nuevo enfoque de dise\u00f1o, adem\u00e1s de aportar nuevos procedimientos de construcci\u00f3n. El proyecto dar\u00e1 lugar a edificios m\u00e1s seguros, especialmente en caso de eventos extremos con graves consecuencias para la integridad de los edificios.<\/p>\n\n\n\n<div style=\"height:80px\" aria-hidden=\"true\" class=\"wp-block-spacer\"><\/div>\n","protected":false},"excerpt":{"rendered":"<p>Endure: Segmentaci\u00f3n basada en fusibles para evitar la propagaci\u00f3n de fallos en estructuras de edificios Investigador principal: JOSE M. ADAM Miembros del equipo: Organismo financiador: Duraci\u00f3n: 01\/01\/2022 &#8211; 31\/12\/2026 Referencia: 101000396 Resumen Los eventos extremos suelen causar da\u00f1os locales iniciales en los elementos cr\u00edticos de las estructuras de los edificios, iniciando una cascada de fallos&hellip;<\/p>\n<p class=\"more-link\"><a href=\"https:\/\/icitech.webs.upv.es\/index.php\/home\/proyectos\/endure-segmentacion-basada-en-fusibles-para-evitar-la-propagacion-de-fallos-en-estructuras-de-edificios\/\" class=\"themebutton\">Read More<\/a><\/p>\n","protected":false},"author":1,"featured_media":0,"parent":847,"menu_order":0,"comment_status":"closed","ping_status":"closed","template":"","meta":{"_acf_changed":false,"footnotes":""},"class_list":["post-3655","page","type-page","status-publish","hentry"],"acf":[],"_links":{"self":[{"href":"https:\/\/icitech.webs.upv.es\/index.php\/wp-json\/wp\/v2\/pages\/3655","targetHints":{"allow":["GET"]}}],"collection":[{"href":"https:\/\/icitech.webs.upv.es\/index.php\/wp-json\/wp\/v2\/pages"}],"about":[{"href":"https:\/\/icitech.webs.upv.es\/index.php\/wp-json\/wp\/v2\/types\/page"}],"author":[{"embeddable":true,"href":"https:\/\/icitech.webs.upv.es\/index.php\/wp-json\/wp\/v2\/users\/1"}],"replies":[{"embeddable":true,"href":"https:\/\/icitech.webs.upv.es\/index.php\/wp-json\/wp\/v2\/comments?post=3655"}],"version-history":[{"count":0,"href":"https:\/\/icitech.webs.upv.es\/index.php\/wp-json\/wp\/v2\/pages\/3655\/revisions"}],"up":[{"embeddable":true,"href":"https:\/\/icitech.webs.upv.es\/index.php\/wp-json\/wp\/v2\/pages\/847"}],"wp:attachment":[{"href":"https:\/\/icitech.webs.upv.es\/index.php\/wp-json\/wp\/v2\/media?parent=3655"}],"curies":[{"name":"wp","href":"https:\/\/api.w.org\/{rel}","templated":true}]}}