{"id":3943,"date":"2024-06-05T09:39:16","date_gmt":"2024-06-05T09:39:16","guid":{"rendered":"https:\/\/icitech.webs.upv.es\/?page_id=3943"},"modified":"2024-06-05T09:46:07","modified_gmt":"2024-06-05T09:46:07","slug":"preper-looking-for-the-lost-prestress-multi-level-strategy-and-non-destructive-method-for-diagnosis-of-existing-concrete-structures","status":"publish","type":"page","link":"https:\/\/icitech.webs.upv.es\/index.php\/en\/home-2\/projects\/preper-looking-for-the-lost-prestress-multi-level-strategy-and-non-destructive-method-for-diagnosis-of-existing-concrete-structures\/","title":{"rendered":"PREPER: Looking for the lost prestress. Multi-level strategy and non-destructive method for diagnosis of existing concrete structures"},"content":{"rendered":"<div><ss3-force-full-width data-overflow-x=\"body\" data-horizontal-selector=\"body\"><div class=\"n2-section-smartslider fitvidsignore \" data-ssid=\"41\"><div id=\"n2-ss-41-align\" class=\"n2-ss-align\"><div class=\"n2-padding\"><div id=\"n2-ss-41\" data-creator=\"Smart Slider 3\" data-responsive=\"fullwidth\" class=\"n2-ss-slider n2-ow n2-has-hover n2notransition  \">\n        <div class=\"n2-ss-slider-1 n2_ss__touch_element n2-ow\">\n            <div class=\"n2-ss-slider-2 n2-ow\">\n                                                <div class=\"n2-ss-slider-3 n2-ow\">\n\n                    <div class=\"n2-ss-slide-backgrounds n2-ow-all\"><div class=\"n2-ss-slide-background\" data-public-id=\"1\" data-mode=\"fill\"><div class=\"n2-ss-slide-background-image\" data-blur=\"0\" data-opacity=\"100\" data-x=\"57\" data-y=\"21\" data-alt=\"Portada PREPER\" data-title=\"Portada PREPER\" style=\"--ss-o-pos-x:57%;--ss-o-pos-y:21%\"><picture class=\"skip-lazy\" data-skip-lazy=\"1\"><img decoding=\"async\" src=\"\/\/icitech.webs.upv.es\/wp-content\/uploads\/2024\/05\/Portada-PREPER.webp\" alt=\"Portada PREPER\" title=\"Portada PREPER\" loading=\"lazy\" class=\"skip-lazy\" data-skip-lazy=\"1\"><\/picture><\/div><div data-color=\"RGBA(255,255,255,0)\" style=\"background-color: RGBA(255,255,255,0);\" class=\"n2-ss-slide-background-color\"><\/div><\/div><\/div>                    <div class=\"n2-ss-slider-4 n2-ow\">\n                        <svg xmlns=\"http:\/\/www.w3.org\/2000\/svg\" viewBox=\"0 0 1200 200\" data-related-device=\"desktopPortrait\" class=\"n2-ow n2-ss-preserve-size n2-ss-preserve-size--slider n2-ss-slide-limiter\"><\/svg><div data-first=\"1\" data-slide-duration=\"0\" data-id=\"64\" data-slide-public-id=\"1\" data-title=\"Portada PREPER\" class=\"n2-ss-slide n2-ow  n2-ss-slide-64\"><div role=\"note\" class=\"n2-ss-slide--focus\" tabindex=\"-1\">Portada PREPER<\/div><div class=\"n2-ss-layers-container n2-ss-slide-limiter n2-ow\"><div class=\"n2-ss-layer n2-ow n-uc-Mtvfe1pGitft\" data-sstype=\"slide\" data-pm=\"default\"><\/div><\/div><\/div>                    <\/div>\n\n                                    <\/div>\n            <\/div>\n        <\/div>\n        <\/div><ss3-loader><\/ss3-loader><\/div><\/div><div class=\"n2_clear\"><\/div><\/div><\/ss3-force-full-width><\/div>\n\n\n<div style=\"height:80px\" aria-hidden=\"true\" class=\"wp-block-spacer\"><\/div>\n\n\n\n<h1 class=\"wp-block-heading has-vivid-red-color has-text-color\"><strong>PREPER<\/strong>: <strong>Looking for the lost prestress. Multi-level strategy and non-destructive method for diagnosis of existing concrete structures<\/strong><\/h1>\n\n\n\n<div style=\"height:45px\" aria-hidden=\"true\" class=\"wp-block-spacer\"><\/div>\n\n\n\n<div class=\"wp-block-columns is-layout-flex wp-container-core-columns-is-layout-9d6595d7 wp-block-columns-is-layout-flex\">\n<div class=\"wp-block-column is-layout-flow wp-block-column-is-layout-flow\">\n<p><strong>Principal&nbsp;researchers:&nbsp;<\/strong><\/p>\n\n\n\n<p>JOS\u00c9 ROC\u00cdO MART\u00cd VARGAS<\/p>\n\n\n\n<p>JUAN NAVARRO GREGORI<\/p>\n\n\n\n<p><strong>Team members<\/strong>:<\/p>\n\n\n\n<ul class=\"wp-block-list\">\n<li>PEDRO SERNA ROS<\/li>\n\n\n\n<li>ESTER GIM\u00c9NEZ CARB\u00d3<\/li>\n\n\n\n<li>CARMEN CASTRO BUGALLO<\/li>\n\n\n\n<li>T\u00c9CNICO: F.J. MARTORELL ROMERO<\/li>\n<\/ul>\n<\/div>\n\n\n\n<div class=\"wp-block-column is-layout-flow wp-block-column-is-layout-flow\">\n<p><strong>Funding Agency:<\/strong><\/p>\n\n\n\n<figure class=\"wp-block-image size-full is-resized\"><img loading=\"lazy\" decoding=\"async\" width=\"246\" height=\"95\" src=\"https:\/\/icitech.webs.upv.es\/wp-content\/uploads\/2024\/05\/Organismos-financiadores-cementos-LC-RES.webp\" alt=\"Organismos financiadores\" class=\"wp-image-3667\" style=\"width:206px;height:auto\"\/><\/figure>\n\n\n\n<p><strong>Duration<\/strong>: 01\/09\/2021 &#8211; 31\/08\/2024<\/p>\n\n\n\n<p><strong>Reference<\/strong>:&nbsp; PID2020-118495RB-I00<\/p>\n<\/div>\n<\/div>\n\n\n\n<div style=\"height:45px\" aria-hidden=\"true\" class=\"wp-block-spacer\"><\/div>\n\n\n\n<h2 class=\"wp-block-heading\"><strong>Abstract:<\/strong><\/h2>\n\n\n\n<p>The accurate determination of the residual prestressing force is essential within the context of the assessment of existing prestressed concrete structures (EPCSs), since the effect of prestressing has a major impact on the stress-deformation responses and capacities of such structures. In the prestressing design, the designer must set the prestressing force and estimate the prestressing losses, so that the structure meets its requirements over its service life. Since construction practice has not considered the incorporation of measurement devices in the EPCSs for monitoring over time, prestressing losses are usually not known, and therefore the residual prestressing force. There is great uncertainty when addressing the assessment of the extensive park of EPCSs, which has used up most of its service life. Hence, the need to move forward the scientific method and cuttingedge knowledge in this topic.&nbsp;<\/p>\n\n\n\n<div style=\"height:45px\" aria-hidden=\"true\" class=\"wp-block-spacer\"><\/div>\n\n\n\n<div class=\"wp-block-columns is-layout-flex wp-container-core-columns-is-layout-9d6595d7 wp-block-columns-is-layout-flex\">\n<div class=\"wp-block-column is-layout-flow wp-block-column-is-layout-flow\"><div class=\"wp-block-image\">\n<figure class=\"aligncenter size-full is-resized\"><img loading=\"lazy\" decoding=\"async\" width=\"402\" height=\"304\" src=\"https:\/\/icitech.webs.upv.es\/wp-content\/uploads\/2024\/05\/Demec-1.webp\" alt=\"Demec 1\n\" class=\"wp-image-3689\" style=\"width:auto;height:200px\" srcset=\"https:\/\/icitech.webs.upv.es\/wp-content\/uploads\/2024\/05\/Demec-1.webp 402w, https:\/\/icitech.webs.upv.es\/wp-content\/uploads\/2024\/05\/Demec-1-300x227.webp 300w\" sizes=\"auto, (max-width: 402px) 100vw, 402px\" \/><\/figure>\n<\/div><\/div>\n\n\n\n<div class=\"wp-block-column is-layout-flow wp-block-column-is-layout-flow\"><div class=\"wp-block-image\">\n<figure class=\"aligncenter size-full is-resized\"><img loading=\"lazy\" decoding=\"async\" width=\"378\" height=\"299\" src=\"https:\/\/icitech.webs.upv.es\/wp-content\/uploads\/2024\/05\/Demec-2.webp\" alt=\"Demec 2\n\" class=\"wp-image-3690\" style=\"object-fit:cover;width:260px;height:200px\" srcset=\"https:\/\/icitech.webs.upv.es\/wp-content\/uploads\/2024\/05\/Demec-2.webp 378w, https:\/\/icitech.webs.upv.es\/wp-content\/uploads\/2024\/05\/Demec-2-300x237.webp 300w\" sizes=\"auto, (max-width: 378px) 100vw, 378px\" \/><\/figure>\n<\/div><\/div>\n\n\n\n<div class=\"wp-block-column is-layout-flow wp-block-column-is-layout-flow\"><div class=\"wp-block-image\">\n<figure class=\"aligncenter size-full is-resized\"><img loading=\"lazy\" decoding=\"async\" width=\"381\" height=\"300\" src=\"https:\/\/icitech.webs.upv.es\/wp-content\/uploads\/2024\/05\/04_Demec-3_11zon.webp\" alt=\"Demec 3\n\" class=\"wp-image-3691\" style=\"object-fit:cover;width:262px;height:200px\" srcset=\"https:\/\/icitech.webs.upv.es\/wp-content\/uploads\/2024\/05\/04_Demec-3_11zon.webp 381w, https:\/\/icitech.webs.upv.es\/wp-content\/uploads\/2024\/05\/04_Demec-3_11zon-300x236.webp 300w\" sizes=\"auto, (max-width: 381px) 100vw, 381px\" \/><\/figure>\n<\/div><\/div>\n<\/div>\n\n\n\n<div style=\"height:45px\" aria-hidden=\"true\" class=\"wp-block-spacer\"><\/div>\n\n\n\n<p>Despite these uncertainties, there are few empirical methods available, either destructive or non-destructive. The most recent is the Isolated Concrete Block Method (ICBM), based on the local decompression of concrete by introducing surface cuts. Only two pioneering applications, without direct control of the prestressing force, are known so far. Therefore, it is of great interest to investigate its application along with the prestressing force monitoring to know the sensitivity to parameters such as separation between saw-cuts, depth of cut and level of released compressive stress.&nbsp;<\/p>\n\n\n\n<div style=\"height:45px\" aria-hidden=\"true\" class=\"wp-block-spacer\"><\/div>\n\n\n<div class=\"wp-block-image\">\n<figure class=\"aligncenter size-large\"><img loading=\"lazy\" decoding=\"async\" width=\"1024\" height=\"443\" src=\"https:\/\/icitech.webs.upv.es\/wp-content\/uploads\/2024\/05\/Grafico-y-entallas-proyecto-PREPER-1024x443.jpg\" alt=\"\" class=\"wp-image-3684\"\/><\/figure>\n<\/div>\n\n\n<div style=\"height:45px\" aria-hidden=\"true\" class=\"wp-block-spacer\"><\/div>\n\n\n\n<p>This proposal is motivated by the need to formulate reliable assessment in the field of EPCSs, within a context of a lack of regulation that forces to advance at the frontier of knowledge. The Project aims the implementation of a specific methodology for the diagnosis of residual stress-deformation state of EPCSs, and is based on the potential synergy of ICBM as an empirical basis and a multi-level structural modelling strategy following the latest trends. After the development of ICBM, it will be applied to beams from a set of designs including different combinations of variables such as concrete strength, prestressing force and eccentricity, cross-sectional depth and distribution of transverse reinforcement. With a plan developed through ten tasks, it is intended to follow a working methodology that integrates the design\/modelling and experimental aspects, so that there is an almost continuous feedback between both.&nbsp;<\/p>\n\n\n\n<p>ICBM, which has a clear potential to become a reference non-destructive, practical, economical and reliable method, will promote an active approach to EPCSs maintenance. In turn it will be specified how to perform structural analysis with different degrees of modelling refinement, which will most probably avoid over conservative assessments and unnecessary costs arising from decisions taken after the assessment. The development of predictive models and modelling tools for structural evaluation from their residual stress-deformation state, and the development of ICBM application guidelines, will be key aspects when reviewing design methods for estimating prestressing losses.&nbsp;<\/p>\n\n\n\n<div style=\"height:45px\" aria-hidden=\"true\" class=\"wp-block-spacer\"><\/div>\n\n\n\n<div class=\"wp-block-columns are-vertically-aligned-center is-layout-flex wp-container-core-columns-is-layout-9d6595d7 wp-block-columns-is-layout-flex\">\n<div class=\"wp-block-column is-vertically-aligned-center is-layout-flow wp-block-column-is-layout-flow\"><div class=\"wp-block-image\">\n<figure class=\"aligncenter size-full is-resized\"><img loading=\"lazy\" decoding=\"async\" width=\"552\" height=\"433\" src=\"https:\/\/icitech.webs.upv.es\/wp-content\/uploads\/2024\/05\/06_utillaje_1.webp\" alt=\"Utillaje 1 PREPER\" class=\"wp-image-3692\" style=\"width:auto;height:300px\" srcset=\"https:\/\/icitech.webs.upv.es\/wp-content\/uploads\/2024\/05\/06_utillaje_1.webp 552w, https:\/\/icitech.webs.upv.es\/wp-content\/uploads\/2024\/05\/06_utillaje_1-300x235.webp 300w\" sizes=\"auto, (max-width: 552px) 100vw, 552px\" \/><\/figure>\n<\/div><\/div>\n\n\n\n<div class=\"wp-block-column is-vertically-aligned-center is-layout-flow wp-block-column-is-layout-flow\"><div class=\"wp-block-image\">\n<figure class=\"aligncenter size-full is-resized\"><img loading=\"lazy\" decoding=\"async\" width=\"700\" height=\"655\" src=\"https:\/\/icitech.webs.upv.es\/wp-content\/uploads\/2024\/05\/05_extremo_1863_11zon.webp\" alt=\"Extremo 1863 PREPER\" class=\"wp-image-3693\" style=\"width:auto;height:300px\" srcset=\"https:\/\/icitech.webs.upv.es\/wp-content\/uploads\/2024\/05\/05_extremo_1863_11zon.webp 700w, https:\/\/icitech.webs.upv.es\/wp-content\/uploads\/2024\/05\/05_extremo_1863_11zon-300x281.webp 300w\" sizes=\"auto, (max-width: 700px) 100vw, 700px\" \/><\/figure>\n<\/div><\/div>\n<\/div>\n\n\n\n<div style=\"height:80px\" aria-hidden=\"true\" class=\"wp-block-spacer\"><\/div>\n","protected":false},"excerpt":{"rendered":"<p>PREPER: Looking for the lost prestress. Multi-level strategy and non-destructive method for diagnosis of existing concrete structures Principal&nbsp;researchers:&nbsp; JOS\u00c9 ROC\u00cdO MART\u00cd VARGAS JUAN NAVARRO GREGORI Team members: Funding Agency: Duration: 01\/09\/2021 &#8211; 31\/08\/2024 Reference:&nbsp; PID2020-118495RB-I00 Abstract: The accurate determination of the residual prestressing force is essential within the context of the assessment of existing prestressed&hellip;<\/p>\n<p class=\"more-link\"><a href=\"https:\/\/icitech.webs.upv.es\/index.php\/en\/home-2\/projects\/preper-looking-for-the-lost-prestress-multi-level-strategy-and-non-destructive-method-for-diagnosis-of-existing-concrete-structures\/\" class=\"themebutton\">Read More<\/a><\/p>\n","protected":false},"author":1,"featured_media":0,"parent":1985,"menu_order":0,"comment_status":"closed","ping_status":"closed","template":"","meta":{"_acf_changed":false,"footnotes":""},"class_list":["post-3943","page","type-page","status-publish","hentry"],"acf":[],"_links":{"self":[{"href":"https:\/\/icitech.webs.upv.es\/index.php\/wp-json\/wp\/v2\/pages\/3943","targetHints":{"allow":["GET"]}}],"collection":[{"href":"https:\/\/icitech.webs.upv.es\/index.php\/wp-json\/wp\/v2\/pages"}],"about":[{"href":"https:\/\/icitech.webs.upv.es\/index.php\/wp-json\/wp\/v2\/types\/page"}],"author":[{"embeddable":true,"href":"https:\/\/icitech.webs.upv.es\/index.php\/wp-json\/wp\/v2\/users\/1"}],"replies":[{"embeddable":true,"href":"https:\/\/icitech.webs.upv.es\/index.php\/wp-json\/wp\/v2\/comments?post=3943"}],"version-history":[{"count":0,"href":"https:\/\/icitech.webs.upv.es\/index.php\/wp-json\/wp\/v2\/pages\/3943\/revisions"}],"up":[{"embeddable":true,"href":"https:\/\/icitech.webs.upv.es\/index.php\/wp-json\/wp\/v2\/pages\/1985"}],"wp:attachment":[{"href":"https:\/\/icitech.webs.upv.es\/index.php\/wp-json\/wp\/v2\/media?parent=3943"}],"curies":[{"name":"wp","href":"https:\/\/api.w.org\/{rel}","templated":true}]}}