{"id":5843,"date":"2026-02-18T14:06:57","date_gmt":"2026-02-18T14:06:57","guid":{"rendered":"https:\/\/icitech.webs.upv.es\/?page_id=5843"},"modified":"2026-03-10T12:42:26","modified_gmt":"2026-03-10T12:42:26","slug":"3dp-formwork-encofrados-impresos-en-3d-para-fomentar-una-construccion-sostenible-de-estructuras-de-hormigon-3dp-formwork","status":"publish","type":"page","link":"https:\/\/icitech.webs.upv.es\/index.php\/3dp-formwork-encofrados-impresos-en-3d-para-fomentar-una-construccion-sostenible-de-estructuras-de-hormigon-3dp-formwork\/","title":{"rendered":"3DP-Formwork: Encofrados impresos en 3D para fomentar una construcci\u00f3n sostenible de estructuras de hormig\u00f3n (3DP-Formwork)"},"content":{"rendered":"<div class=\"n2_clear\"><ss3-force-full-width data-overflow-x=\"body\" data-horizontal-selector=\"body\"><div class=\"n2-section-smartslider fitvidsignore  n2_clear\" data-ssid=\"73\"><div id=\"n2-ss-73-align\" class=\"n2-ss-align\"><div class=\"n2-padding\"><div id=\"n2-ss-73\" data-creator=\"Smart Slider 3\" data-responsive=\"fullwidth\" class=\"n2-ss-slider n2-ow n2-has-hover n2notransition  \">\n        <div class=\"n2-ss-slider-1 n2_ss__touch_element n2-ow\">\n            <div class=\"n2-ss-slider-2 n2-ow\">\n                                                <div class=\"n2-ss-slider-3 n2-ow\">\n\n                    <div class=\"n2-ss-slide-backgrounds n2-ow-all\"><div class=\"n2-ss-slide-background\" data-public-id=\"1\" data-mode=\"fill\"><div class=\"n2-ss-slide-background-image\" data-blur=\"0\" data-opacity=\"100\" data-x=\"52\" data-y=\"41\" data-alt=\"\" data-title=\"\" style=\"--ss-o-pos-x:52%;--ss-o-pos-y:41%\"><picture class=\"skip-lazy\" data-skip-lazy=\"1\"><img decoding=\"async\" src=\"\/\/icitech.webs.upv.es\/wp-content\/uploads\/2026\/02\/3DP-Formwork_IMG_9994.jpeg\" alt=\"\" title=\"\" loading=\"lazy\" class=\"skip-lazy\" data-skip-lazy=\"1\"><\/picture><\/div><div data-color=\"RGBA(255,255,255,0)\" style=\"background-color: RGBA(255,255,255,0);\" class=\"n2-ss-slide-background-color\"><\/div><\/div><\/div>                    <div class=\"n2-ss-slider-4 n2-ow\">\n                        <svg xmlns=\"http:\/\/www.w3.org\/2000\/svg\" viewBox=\"0 0 1200 200\" data-related-device=\"desktopPortrait\" class=\"n2-ow n2-ss-preserve-size n2-ss-preserve-size--slider n2-ss-slide-limiter\"><\/svg><div data-first=\"1\" data-slide-duration=\"0\" data-id=\"123\" data-slide-public-id=\"1\" data-title=\"3DP-Formwork_IMG_9994\" class=\"n2-ss-slide n2-ow  n2-ss-slide-123\"><div role=\"note\" class=\"n2-ss-slide--focus\" tabindex=\"-1\">3DP-Formwork_IMG_9994<\/div><div class=\"n2-ss-layers-container n2-ss-slide-limiter n2-ow\"><div class=\"n2-ss-layer n2-ow n-uc-KWmj9ESx945z\" data-sstype=\"slide\" data-pm=\"default\"><\/div><\/div><\/div>                    <\/div>\n\n                                    <\/div>\n            <\/div>\n        <\/div>\n        <\/div><ss3-loader><\/ss3-loader><\/div><\/div><div class=\"n2_clear\"><\/div><\/div><\/ss3-force-full-width><\/div>\n\n\n<div style=\"height:45px\" aria-hidden=\"true\" class=\"wp-block-spacer\"><\/div>\n\n\n\n<h1 class=\"wp-block-heading has-vivid-red-color has-text-color\">3DP-Formwork: Encofrados impresos en 3D para fomentar una construcci\u00f3n sostenible de estructuras de hormig\u00f3n (3DP-Formwork)<\/h1>\n\n\n\n<div class=\"wp-block-columns is-layout-flex wp-container-core-columns-is-layout-9d6595d7 wp-block-columns-is-layout-flex\">\n<div class=\"wp-block-column is-layout-flow wp-block-column-is-layout-flow\">\n<p><strong>Investigadores principales<\/strong>:<\/p>\n\n\n\n<p>JOS\u00c9 LUIS BONET SENACH<\/p>\n\n\n\n<p>PEDRO FRANCISCO MIGUEL SOSA<\/p>\n\n\n\n<p> <strong>Miembros del equipo<\/strong>:<\/p>\n\n\n\n<ul class=\"wp-block-list\">\n<li>MIGUEL \u00c1NGEL FERN\u00c1NDEZ PRADA<\/li>\n\n\n\n<li>JOS\u00c9 RAM\u00d3N ALBIOL IB\u00c1\u00d1EZ<\/li>\n\n\n\n<li>LISBEL RUEDA GARC\u00cdA<\/li>\n\n\n\n<li>ALBERTO GARC\u00cdA C\u00c1RCEL<\/li>\n\n\n\n<li>JOS\u00c9 GUILLERMO MU\u00d1OZ MONTES<\/li>\n\n\n\n<li>LINO JOS\u00c9 MART\u00cdNEZ TODOL\u00cd<\/li>\n<\/ul>\n<\/div>\n\n\n\n<div class=\"wp-block-column is-layout-flow wp-block-column-is-layout-flow\">\n<p><strong>Organismo financiador:<\/strong><\/p>\n\n\n\n<figure class=\"wp-block-image size-large\"><img loading=\"lazy\" decoding=\"async\" width=\"1024\" height=\"227\" src=\"https:\/\/icitech.webs.upv.es\/wp-content\/uploads\/2026\/02\/Captura-de-pantalla-2026-02-18-150555-1024x227.png\" alt=\"\" class=\"wp-image-5846\" srcset=\"https:\/\/icitech.webs.upv.es\/wp-content\/uploads\/2026\/02\/Captura-de-pantalla-2026-02-18-150555-1024x227.png 1024w, https:\/\/icitech.webs.upv.es\/wp-content\/uploads\/2026\/02\/Captura-de-pantalla-2026-02-18-150555-300x67.png 300w, https:\/\/icitech.webs.upv.es\/wp-content\/uploads\/2026\/02\/Captura-de-pantalla-2026-02-18-150555-768x170.png 768w, https:\/\/icitech.webs.upv.es\/wp-content\/uploads\/2026\/02\/Captura-de-pantalla-2026-02-18-150555.png 1406w\" sizes=\"auto, (max-width: 1024px) 100vw, 1024px\" \/><\/figure>\n\n\n\n<p><strong>Duraci\u00f3n<\/strong>: 01\/09\/2025 &#8211; 31\/08\/2028<\/p>\n\n\n\n<p><strong>Referencia<\/strong>: PID2024-156847OB-I00<\/p>\n<\/div>\n<\/div>\n\n\n\n<div style=\"height:45px\" aria-hidden=\"true\" class=\"wp-block-spacer\"><\/div>\n\n\n\n<h2 class=\"wp-block-heading\"><strong>Resumen<\/strong><\/h2>\n\n\n\n<p>El <strong>hormig\u00f3n <\/strong>es el material m\u00e1s empleado en el mundo y uno de los m\u00e1s sostenibles en construcci\u00f3n. Sin embargo, es <strong>responsable de alrededor del 8% de las emisiones totales de gases por efecto invernadero en todo el mundo<\/strong>. La adopci\u00f3n de m\u00e9todos eficientes en la construcci\u00f3n es uno de los principales objetivos de investigaci\u00f3n en ingenier\u00eda civil, arquitectura y ciencia de los materiales. La <strong>impresi\u00f3n 3D ha surgido como una alternativa<\/strong> <strong>a la construcci\u00f3n convencional <\/strong>que podr\u00eda <strong>ayudar a reducir el consumo de recursos de los procesos y productos, racionalizar los procesos de fabricaci\u00f3n y hacer productos m\u00e1s sostenibles.<\/strong><\/p>\n\n\n\n<p><strong>La fabricaci\u00f3n de encofrados supone gran parte de los costes totales de la construcci\u00f3n de un elemento de hormig\u00f3n<\/strong>, especialmente cuando su forma no es est\u00e1ndar. Aunque te\u00f3ricamente el hormig\u00f3n puede moldearse de cualquier forma, en la pr\u00e1ctica las estructuras ortogonales est\u00e1ndar son las m\u00e1s habituales. Estas estructuras emplean encofrados basados en paneles modulares, estandarizados y reutilizables, que son m\u00e1s f\u00e1ciles de fabricar, transportar, instalar y reutilizar. El empleo de estos encofrados da lugar a dise\u00f1os sobredimensionados, produci\u00e9ndose la paradoja de emplear m\u00e1s material para reducir costes.<\/p>\n\n\n\n<figure class=\"wp-block-gallery has-nested-images columns-default is-cropped wp-block-gallery-1 is-layout-flex wp-block-gallery-is-layout-flex\">\n<figure class=\"wp-block-image size-large\"><img loading=\"lazy\" decoding=\"async\" width=\"768\" height=\"1024\" data-id=\"6132\" src=\"https:\/\/icitech.webs.upv.es\/wp-content\/uploads\/2026\/03\/3DP-Formwork_IMG_3947-768x1024.jpeg\" alt=\"\" class=\"wp-image-6132\" srcset=\"https:\/\/icitech.webs.upv.es\/wp-content\/uploads\/2026\/03\/3DP-Formwork_IMG_3947-768x1024.jpeg 768w, https:\/\/icitech.webs.upv.es\/wp-content\/uploads\/2026\/03\/3DP-Formwork_IMG_3947-225x300.jpeg 225w, https:\/\/icitech.webs.upv.es\/wp-content\/uploads\/2026\/03\/3DP-Formwork_IMG_3947-1152x1536.jpeg 1152w, https:\/\/icitech.webs.upv.es\/wp-content\/uploads\/2026\/03\/3DP-Formwork_IMG_3947.jpeg 1200w\" sizes=\"auto, (max-width: 768px) 100vw, 768px\" \/><\/figure>\n\n\n\n<figure class=\"wp-block-image size-large\"><img loading=\"lazy\" decoding=\"async\" width=\"768\" height=\"1024\" data-id=\"6133\" src=\"https:\/\/icitech.webs.upv.es\/wp-content\/uploads\/2026\/03\/3DP-Formwork_IMG_4072-768x1024.jpeg\" alt=\"\" class=\"wp-image-6133\" srcset=\"https:\/\/icitech.webs.upv.es\/wp-content\/uploads\/2026\/03\/3DP-Formwork_IMG_4072-768x1024.jpeg 768w, https:\/\/icitech.webs.upv.es\/wp-content\/uploads\/2026\/03\/3DP-Formwork_IMG_4072-225x300.jpeg 225w, https:\/\/icitech.webs.upv.es\/wp-content\/uploads\/2026\/03\/3DP-Formwork_IMG_4072-1152x1536.jpeg 1152w, https:\/\/icitech.webs.upv.es\/wp-content\/uploads\/2026\/03\/3DP-Formwork_IMG_4072.jpeg 1536w\" sizes=\"auto, (max-width: 768px) 100vw, 768px\" \/><\/figure>\n<\/figure>\n\n\n\n<p><strong>La impresi\u00f3n 3D de encofrados (3DPF) permite la libertad de forma de las estructuras de hormig\u00f3n<\/strong>. El empleo de esta tecnolog\u00eda hace posible mejorar la precisi\u00f3n y el aspecto final, reducir el consumo de recursos, contribuir a la reducci\u00f3n de la emisi\u00f3n de gases de efecto invernadero, disminuir el consumo de energ\u00eda y residuos, y automatizar los procesos de fabricaci\u00f3n. En la actualidad, <strong>se ha demostrado el potencial que tiene el empleo de 3DPF en las estructuras de hormig\u00f3n. <\/strong>Sin embargo, no existen normas ni directrices para aplicar la tecnolog\u00eda de la impresi\u00f3n 3D a estructuras de hormig\u00f3n.<\/p>\n\n\n\n<p>El empleo 3DPF por extrusi\u00f3n de pol\u00edmeros en estructuras de hormig\u00f3n <strong>permite una libertad de forma del elemento, as\u00ed como una mejora en la precisi\u00f3n y su aspecto final.<\/strong> Sin embargo, el n\u00famero reducido de ensayos disponible, adem\u00e1s del tama\u00f1o reducido de las probetas ensayadas, limita la evaluaci\u00f3n de la capacidad funcional y\/o estructural de estos 3DPF.\u00a0<\/p>\n\n\n\n<p>El empleo de 3DPF por extrusi\u00f3n de hormig\u00f3n se ha demostrado especialmente en columnas y vigas segmentadas postesas. En la actualidad,<strong> el n\u00famero de ensayos es reducido <\/strong>y est\u00e1 centrado en el comportamiento a compresi\u00f3n simple de columnas y a flexi\u00f3n de vigas segmentadas postesas. Este vac\u00edo experimental limita la validaci\u00f3n de esta tecnolog\u00eda y el desarrollo de m\u00e9todos, recomendaciones y directrices de uso para impresi\u00f3n 3D.<\/p>\n\n\n\n<figure class=\"wp-block-gallery has-nested-images columns-default is-cropped wp-block-gallery-2 is-layout-flex wp-block-gallery-is-layout-flex\">\n<figure class=\"wp-block-image size-large\"><img loading=\"lazy\" decoding=\"async\" width=\"768\" height=\"1024\" data-id=\"6135\" src=\"https:\/\/icitech.webs.upv.es\/wp-content\/uploads\/2026\/03\/3DP-Formwork_IMG_4559-768x1024.jpeg\" alt=\"\" class=\"wp-image-6135\" srcset=\"https:\/\/icitech.webs.upv.es\/wp-content\/uploads\/2026\/03\/3DP-Formwork_IMG_4559-768x1024.jpeg 768w, https:\/\/icitech.webs.upv.es\/wp-content\/uploads\/2026\/03\/3DP-Formwork_IMG_4559-225x300.jpeg 225w, https:\/\/icitech.webs.upv.es\/wp-content\/uploads\/2026\/03\/3DP-Formwork_IMG_4559-1152x1536.jpeg 1152w, https:\/\/icitech.webs.upv.es\/wp-content\/uploads\/2026\/03\/3DP-Formwork_IMG_4559.jpeg 1536w\" sizes=\"auto, (max-width: 768px) 100vw, 768px\" \/><\/figure>\n\n\n\n<figure class=\"wp-block-image size-large\"><img loading=\"lazy\" decoding=\"async\" width=\"768\" height=\"1024\" data-id=\"6136\" src=\"https:\/\/icitech.webs.upv.es\/wp-content\/uploads\/2026\/03\/3DP-Formwork_IMG_9994-768x1024.jpeg\" alt=\"\" class=\"wp-image-6136\" srcset=\"https:\/\/icitech.webs.upv.es\/wp-content\/uploads\/2026\/03\/3DP-Formwork_IMG_9994-768x1024.jpeg 768w, https:\/\/icitech.webs.upv.es\/wp-content\/uploads\/2026\/03\/3DP-Formwork_IMG_9994-225x300.jpeg 225w, https:\/\/icitech.webs.upv.es\/wp-content\/uploads\/2026\/03\/3DP-Formwork_IMG_9994-1152x1536.jpeg 1152w, https:\/\/icitech.webs.upv.es\/wp-content\/uploads\/2026\/03\/3DP-Formwork_IMG_9994.jpeg 1536w\" sizes=\"auto, (max-width: 768px) 100vw, 768px\" \/><\/figure>\n<\/figure>\n\n\n\n<p><em><strong>El objetivo general del proyecto es estudiar el comportamiento de estructuras de hormig\u00f3n con encofrados impresos en 3D permanentes con la finalidad de evaluar su contribuci\u00f3n estructural y\/o funcional, para fomentar su uso y avanzar hacia una industria de la construcci\u00f3n m\u00e1s sostenible.<\/strong><\/em> En este proyecto se exploran distintas soluciones de 3DPF para vigas y columnas, por extrusi\u00f3n de pol\u00edmeros y de hormig\u00f3n. Este estudio tiene como finalidad contribuir al desarrollo de m\u00e9todos de c\u00e1lculo, de recomendaciones y directrices de uso, as\u00ed como de un futuro marco normativo.<\/p>\n","protected":false},"excerpt":{"rendered":"<p>3DP-Formwork: Encofrados impresos en 3D para fomentar una construcci\u00f3n sostenible de estructuras de hormig\u00f3n (3DP-Formwork) Investigadores principales: JOS\u00c9 LUIS BONET SENACH PEDRO FRANCISCO MIGUEL SOSA Miembros del equipo: Organismo financiador: Duraci\u00f3n: 01\/09\/2025 &#8211; 31\/08\/2028 Referencia: PID2024-156847OB-I00 Resumen El hormig\u00f3n es el material m\u00e1s empleado en el mundo y uno de los m\u00e1s sostenibles en construcci\u00f3n.&hellip;<\/p>\n<p class=\"more-link\"><a href=\"https:\/\/icitech.webs.upv.es\/index.php\/3dp-formwork-encofrados-impresos-en-3d-para-fomentar-una-construccion-sostenible-de-estructuras-de-hormigon-3dp-formwork\/\" class=\"themebutton\">Read More<\/a><\/p>\n","protected":false},"author":1,"featured_media":6136,"parent":0,"menu_order":0,"comment_status":"closed","ping_status":"closed","template":"","meta":{"_acf_changed":false,"footnotes":""},"class_list":["post-5843","page","type-page","status-publish","has-post-thumbnail","hentry"],"acf":[],"_links":{"self":[{"href":"https:\/\/icitech.webs.upv.es\/index.php\/wp-json\/wp\/v2\/pages\/5843","targetHints":{"allow":["GET"]}}],"collection":[{"href":"https:\/\/icitech.webs.upv.es\/index.php\/wp-json\/wp\/v2\/pages"}],"about":[{"href":"https:\/\/icitech.webs.upv.es\/index.php\/wp-json\/wp\/v2\/types\/page"}],"author":[{"embeddable":true,"href":"https:\/\/icitech.webs.upv.es\/index.php\/wp-json\/wp\/v2\/users\/1"}],"replies":[{"embeddable":true,"href":"https:\/\/icitech.webs.upv.es\/index.php\/wp-json\/wp\/v2\/comments?post=5843"}],"version-history":[{"count":0,"href":"https:\/\/icitech.webs.upv.es\/index.php\/wp-json\/wp\/v2\/pages\/5843\/revisions"}],"wp:featuredmedia":[{"embeddable":true,"href":"https:\/\/icitech.webs.upv.es\/index.php\/wp-json\/wp\/v2\/media\/6136"}],"wp:attachment":[{"href":"https:\/\/icitech.webs.upv.es\/index.php\/wp-json\/wp\/v2\/media?parent=5843"}],"curies":[{"name":"wp","href":"https:\/\/api.w.org\/{rel}","templated":true}]}}