{"id":5880,"date":"2026-02-18T15:29:18","date_gmt":"2026-02-18T15:29:18","guid":{"rendered":"https:\/\/icitech.webs.upv.es\/?page_id=5880"},"modified":"2026-03-10T15:36:44","modified_gmt":"2026-03-10T15:36:44","slug":"enring-aumentar-la-resiliencia-ante-multiples-riesgos-de-los-edificios-criticos","status":"publish","type":"page","link":"https:\/\/icitech.webs.upv.es\/index.php\/enring-aumentar-la-resiliencia-ante-multiples-riesgos-de-los-edificios-criticos\/","title":{"rendered":"ENRING: Aumentar la resiliencia ante m\u00faltiples riesgos de los edificios cr\u00edticos"},"content":{"rendered":"<div class=\"n2_clear\"><ss3-force-full-width data-overflow-x=\"body\" data-horizontal-selector=\"body\"><div class=\"n2-section-smartslider fitvidsignore  n2_clear\" data-ssid=\"77\"><div id=\"n2-ss-77-align\" class=\"n2-ss-align\"><div class=\"n2-padding\"><div id=\"n2-ss-77\" data-creator=\"Smart Slider 3\" data-responsive=\"fullwidth\" class=\"n2-ss-slider n2-ow n2-has-hover n2notransition  \">\n        <div class=\"n2-ss-slider-1 n2_ss__touch_element n2-ow\">\n            <div class=\"n2-ss-slider-2 n2-ow\">\n                                                <div class=\"n2-ss-slider-3 n2-ow\">\n\n                    <div class=\"n2-ss-slide-backgrounds n2-ow-all\"><div class=\"n2-ss-slide-background\" data-public-id=\"1\" data-mode=\"fill\"><div class=\"n2-ss-slide-background-image\" data-blur=\"0\" data-opacity=\"100\" data-x=\"51\" data-y=\"39\" data-alt=\"\" data-title=\"\" style=\"--ss-o-pos-x:51%;--ss-o-pos-y:39%\"><picture class=\"skip-lazy\" data-skip-lazy=\"1\"><img decoding=\"async\" src=\"\/\/icitech.webs.upv.es\/wp-content\/uploads\/2026\/03\/thetastefulmind-ai-generated-7715020_1280.jpg\" alt=\"\" title=\"\" loading=\"lazy\" class=\"skip-lazy\" data-skip-lazy=\"1\"><\/picture><\/div><div data-color=\"RGBA(255,255,255,0)\" style=\"background-color: RGBA(255,255,255,0);\" class=\"n2-ss-slide-background-color\"><\/div><\/div><\/div>                    <div class=\"n2-ss-slider-4 n2-ow\">\n                        <svg xmlns=\"http:\/\/www.w3.org\/2000\/svg\" viewBox=\"0 0 1200 200\" data-related-device=\"desktopPortrait\" class=\"n2-ow n2-ss-preserve-size n2-ss-preserve-size--slider n2-ss-slide-limiter\"><\/svg><div data-first=\"1\" data-slide-duration=\"0\" data-id=\"136\" data-slide-public-id=\"1\" data-title=\"thetastefulmind-ai-generated-7715020_1280\" class=\"n2-ss-slide n2-ow  n2-ss-slide-136\"><div role=\"note\" class=\"n2-ss-slide--focus\" tabindex=\"-1\">thetastefulmind-ai-generated-7715020_1280<\/div><div class=\"n2-ss-layers-container n2-ss-slide-limiter n2-ow\"><div class=\"n2-ss-layer n2-ow n-uc-hUMd6qARhoNB\" data-sstype=\"slide\" data-pm=\"default\"><\/div><\/div><\/div>                    <\/div>\n\n                                    <\/div>\n            <\/div>\n        <\/div>\n        <\/div><ss3-loader><\/ss3-loader><\/div><\/div><div class=\"n2_clear\"><\/div><\/div><\/ss3-force-full-width><\/div>\n\n\n<div style=\"height:45px\" aria-hidden=\"true\" class=\"wp-block-spacer\"><\/div>\n\n\n\n<h1 class=\"wp-block-heading has-vivid-red-color has-text-color\">ENRING: Aumentar la resiliencia ante m\u00faltiples riesgos de los edificios cr\u00edticos<\/h1>\n\n\n\n<div class=\"wp-block-columns is-layout-flex wp-container-core-columns-is-layout-9d6595d7 wp-block-columns-is-layout-flex\">\n<div class=\"wp-block-column is-layout-flow wp-block-column-is-layout-flow\">\n<p><strong>Investigadores principales<\/strong>:<\/p>\n\n\n\n<p>ANDRI SETIAWAN<\/p>\n\n\n\n<p><strong>Profesor anfitri\u00f3n (supervisor):<\/strong><\/p>\n\n\n\n<p>JOS\u00c9 MIGUEL ADAM MART\u00cdNEZ<\/p>\n\n\n\n<p><strong>Colaboradores cient\u00edficos:<\/strong><\/p>\n\n\n\n<ul class=\"wp-block-list\">\n<li>FABIO FREDDI; CAMINE GALASSO (UNIVERSITY COLLEGE LONDON)<\/li>\n\n\n\n<li>THOMAS GERNAY (JOHNS HOPKINS UNIVERSITY)<\/li>\n\n\n\n<li>EYITAYO OPABOLA (UC BERKELEY)<\/li>\n<\/ul>\n<\/div>\n\n\n\n<div class=\"wp-block-column is-layout-flow wp-block-column-is-layout-flow\">\n<p><strong>Organismo financiador:<\/strong><\/p>\n\n\n\n<figure class=\"wp-block-image size-full is-resized\"><img loading=\"lazy\" decoding=\"async\" width=\"2036\" height=\"296\" src=\"https:\/\/icitech.webs.upv.es\/wp-content\/uploads\/2026\/02\/Captura-de-pantalla-2026-02-18-162815.png\" alt=\"\" class=\"wp-image-5882\" style=\"width:285px;height:auto\" srcset=\"https:\/\/icitech.webs.upv.es\/wp-content\/uploads\/2026\/02\/Captura-de-pantalla-2026-02-18-162815.png 2036w, https:\/\/icitech.webs.upv.es\/wp-content\/uploads\/2026\/02\/Captura-de-pantalla-2026-02-18-162815-300x44.png 300w, https:\/\/icitech.webs.upv.es\/wp-content\/uploads\/2026\/02\/Captura-de-pantalla-2026-02-18-162815-1024x149.png 1024w, https:\/\/icitech.webs.upv.es\/wp-content\/uploads\/2026\/02\/Captura-de-pantalla-2026-02-18-162815-768x112.png 768w, https:\/\/icitech.webs.upv.es\/wp-content\/uploads\/2026\/02\/Captura-de-pantalla-2026-02-18-162815-1536x223.png 1536w\" sizes=\"auto, (max-width: 2036px) 100vw, 2036px\" \/><\/figure>\n\n\n\n<p><strong>Duraci\u00f3n<\/strong>: 15\/10\/2025 &#8211; 14\/10\/2028<\/p>\n\n\n\n<p><strong>Referencia<\/strong>: LCF\/BQ\/PR25\/12110011<\/p>\n<\/div>\n<\/div>\n\n\n\n<div style=\"height:45px\" aria-hidden=\"true\" class=\"wp-block-spacer\"><\/div>\n\n\n\n<h2 class=\"wp-block-heading\"><strong>Resumen<\/strong><\/h2>\n\n\n\n<p>Impulsado por el cambio clim\u00e1tico y la escalada de los conflictos globales, el entorno construido se enfrenta a fen\u00f3menos extremos cada vez m\u00e1s graves e impredecibles. En el caso de <strong>las infraestructuras cr\u00edticas<\/strong>, como hospitales, parques de bomberos, refugios y centros de emergencia<strong>, la resiliencia es fundamental para mantener los servicios que salvan vidas y minimizar los costes tras un desastre<\/strong>. Sin embargo, las directrices actuales para el dise\u00f1o de instalaciones cr\u00edticas siguen siendo fragmentadas, tratan los riesgos de forma aislada y descuidan las interacciones conflictivas entre medidas de seguridad espec\u00edficas. Las medidas de protecci\u00f3n eficaces frente a un determinado peligro pueden dar lugar a un peor comportamiento ante otros, lo que se traduce en una infraestructura menos resiliente. Adem\u00e1s, a menudo pasan por alto los eventos \u201ccisne negro\u201d, amenazas imprevistas con consecuencias devastadoras. <\/p>\n\n\n\n<figure class=\"wp-block-image size-large\"><img loading=\"lazy\" decoding=\"async\" width=\"1024\" height=\"563\" src=\"https:\/\/icitech.webs.upv.es\/wp-content\/uploads\/2026\/02\/enring-1024x563.jpg\" alt=\"\" class=\"wp-image-5827\" srcset=\"https:\/\/icitech.webs.upv.es\/wp-content\/uploads\/2026\/02\/enring-1024x563.jpg 1024w, https:\/\/icitech.webs.upv.es\/wp-content\/uploads\/2026\/02\/enring-300x165.jpg 300w, https:\/\/icitech.webs.upv.es\/wp-content\/uploads\/2026\/02\/enring-768x422.jpg 768w, https:\/\/icitech.webs.upv.es\/wp-content\/uploads\/2026\/02\/enring.jpg 1074w\" sizes=\"auto, (max-width: 1024px) 100vw, 1024px\" \/><\/figure>\n\n\n\n<p>El proyecto propuesto, <strong><em>Enring<\/em><\/strong>, aborda estas lagunas mediante el desarrollo de un <strong>marco de defensa multicapa para mejorar la resiliencia estructural de los edificios cr\u00edticos<\/strong>. El m\u00e9todo se inspira en el <strong>principio de defensa en profundidad (DD)<\/strong>, que organiza las medidas de protecci\u00f3n en l\u00edneas sucesivas de defensa: las capas exteriores mitigan los riesgos previsibles y de alta probabilidad, mientras que las capas interiores act\u00faan como salvaguarda final contra eventos catastr\u00f3ficos imprevistos. <strong>El objetivo principal evoluciona desde la prevenci\u00f3n hasta la mitigaci\u00f3n y, en \u00faltima instancia, al control o la contenci\u00f3n de los da\u00f1os<\/strong>, a medida que aumenta la gravedad de la situaci\u00f3n. Mediante la integraci\u00f3n de estrategias armonizadas para m\u00faltiples riesgos, <strong><em>Enring<\/em><\/strong> pretende lograr una sinergia \u00f3ptima que vaya m\u00e1s all\u00e1 de los marcos de dise\u00f1o tradicionales, fragmentados y centrados en una \u00fanica amenaza.<\/p>\n\n\n\n<p>El \u00e9xito del proyecto reforzar\u00e1 la resiliencia de la sociedad y mejorar\u00e1 nuestra preparaci\u00f3n colectiva ante amenazas futuras.<\/p>\n","protected":false},"excerpt":{"rendered":"<p>ENRING: Aumentar la resiliencia ante m\u00faltiples riesgos de los edificios cr\u00edticos Investigadores principales: ANDRI SETIAWAN Profesor anfitri\u00f3n (supervisor): JOS\u00c9 MIGUEL ADAM MART\u00cdNEZ Colaboradores cient\u00edficos: Organismo financiador: Duraci\u00f3n: 15\/10\/2025 &#8211; 14\/10\/2028 Referencia: LCF\/BQ\/PR25\/12110011 Resumen Impulsado por el cambio clim\u00e1tico y la escalada de los conflictos globales, el entorno construido se enfrenta a fen\u00f3menos extremos cada vez&hellip;<\/p>\n<p class=\"more-link\"><a href=\"https:\/\/icitech.webs.upv.es\/index.php\/enring-aumentar-la-resiliencia-ante-multiples-riesgos-de-los-edificios-criticos\/\" class=\"themebutton\">Read More<\/a><\/p>\n","protected":false},"author":1,"featured_media":5827,"parent":0,"menu_order":0,"comment_status":"closed","ping_status":"closed","template":"","meta":{"_acf_changed":false,"footnotes":""},"class_list":["post-5880","page","type-page","status-publish","has-post-thumbnail","hentry"],"acf":[],"_links":{"self":[{"href":"https:\/\/icitech.webs.upv.es\/index.php\/wp-json\/wp\/v2\/pages\/5880","targetHints":{"allow":["GET"]}}],"collection":[{"href":"https:\/\/icitech.webs.upv.es\/index.php\/wp-json\/wp\/v2\/pages"}],"about":[{"href":"https:\/\/icitech.webs.upv.es\/index.php\/wp-json\/wp\/v2\/types\/page"}],"author":[{"embeddable":true,"href":"https:\/\/icitech.webs.upv.es\/index.php\/wp-json\/wp\/v2\/users\/1"}],"replies":[{"embeddable":true,"href":"https:\/\/icitech.webs.upv.es\/index.php\/wp-json\/wp\/v2\/comments?post=5880"}],"version-history":[{"count":6,"href":"https:\/\/icitech.webs.upv.es\/index.php\/wp-json\/wp\/v2\/pages\/5880\/revisions"}],"predecessor-version":[{"id":6175,"href":"https:\/\/icitech.webs.upv.es\/index.php\/wp-json\/wp\/v2\/pages\/5880\/revisions\/6175"}],"wp:featuredmedia":[{"embeddable":true,"href":"https:\/\/icitech.webs.upv.es\/index.php\/wp-json\/wp\/v2\/media\/5827"}],"wp:attachment":[{"href":"https:\/\/icitech.webs.upv.es\/index.php\/wp-json\/wp\/v2\/media?parent=5880"}],"curies":[{"name":"wp","href":"https:\/\/api.w.org\/{rel}","templated":true}]}}