{"id":6257,"date":"2026-04-02T07:46:52","date_gmt":"2026-04-02T07:46:52","guid":{"rendered":"https:\/\/icitech.webs.upv.es\/?page_id=6257"},"modified":"2026-04-02T13:01:25","modified_gmt":"2026-04-02T13:01:25","slug":"politica-de-cookies","status":"publish","type":"page","link":"https:\/\/icitech.webs.upv.es\/index.php\/politica-de-cookies\/","title":{"rendered":"Pol\u00edtica de cookies"},"content":{"rendered":"\n<div style=\"height:48px\" aria-hidden=\"true\" class=\"wp-block-spacer\"><\/div>\n\n\n\n<h1 class=\"wp-block-heading has-text-align-center\"><strong>POL\u00cdTICA DE COOKIES<\/strong><\/h1>\n\n\n\n<h2 class=\"wp-block-heading\">\u00bfQu\u00e9 son las cookies?<\/h2>\n\n\n\n<p>Las cookies son peque\u00f1os archivos de texto que se almacenan en el dispositivo del usuario al navegar por un sitio web.<\/p>\n\n\n\n<h2 class=\"wp-block-heading\">Tipos de cookies utilizadas<\/h2>\n\n\n\n<p>Este sitio web utiliza \u00fanicamente:<\/p>\n\n\n\n<ul class=\"wp-block-list\">\n<li>Cookies t\u00e9cnicas<\/li>\n\n\n\n<li>Cookies funcionales<\/li>\n\n\n\n<li>Cookies de terceros (en caso de contenidos embebidos)<\/li>\n<\/ul>\n\n\n\n<h2 class=\"wp-block-heading\">Cookies propias<\/h2>\n\n\n\n<figure class=\"wp-block-table\"><table class=\"has-fixed-layout\"><thead><tr><th>Cookie<\/th><th>Finalidad<\/th><th>Duraci\u00f3n<\/th><\/tr><\/thead><tbody><tr><td>pll_language<\/td><td>Gesti\u00f3n del idioma<\/td><td>1 a\u00f1o<\/td><\/tr><tr><td>NFWSESSID<\/td><td>Gesti\u00f3n de sesi\u00f3n<\/td><td>Sesi\u00f3n<\/td><\/tr><tr><td>wordpress_test_cookie<\/td><td>Verificaci\u00f3n de cookies<\/td><td>Sesi\u00f3n<\/td><\/tr><tr><td>wp_lang<\/td><td>Idioma de administraci\u00f3n<\/td><td>Sesi\u00f3n<\/td><\/tr><tr><td>cmplz_banner-status<\/td><td>Estado del banner de cookies<\/td><td>1 a\u00f1o<\/td><\/tr><tr><td>cmplz_consented_services<\/td><td>Servicios aceptados de cookies<\/td><td>1 a\u00f1o<\/td><\/tr><tr><td>cmplz_policy_id<\/td><td>Identificador de pol\u00edtica de cookies<\/td><td>1 a\u00f1o<\/td><\/tr><tr><td>cmplz_marketing<\/td><td>Consentimiento de cookies de marketing<\/td><td>1 a\u00f1o<\/td><\/tr><\/tbody><\/table><\/figure>\n\n\n\n<h2 class=\"wp-block-heading\">Cookies de terceros<\/h2>\n\n\n\n<p>Este sitio web puede incluir contenido embebido de servicios externos como Google (Google Maps) y YouTube.<\/p>\n\n\n\n<p>Estos servicios pueden instalar cookies con fines de:<\/p>\n\n\n\n<ul class=\"wp-block-list\">\n<li>Visualizaci\u00f3n de contenido<\/li>\n\n\n\n<li>An\u00e1lisis de uso<\/li>\n\n\n\n<li>Mejora de la experiencia del usuario<\/li>\n<\/ul>\n\n\n\n<h2 class=\"wp-block-heading\">Gesti\u00f3n del consentimiento<\/h2>\n\n\n\n<p>El usuario deber\u00e1 aceptar las cookies de terceros para poder visualizar contenido embebido.<\/p>\n\n\n\n<p>El consentimiento podr\u00e1 gestionarse, modificarse o retirarse en cualquier momento a trav\u00e9s del banner de cookies.<\/p>\n\n\n<p>Puedes ver nuestra configuraci\u00f3n interna de Cookies y modificarla aqu\u00ed: <button class=\"cmplz-show-banner\">Gesti\u00f3n consentimiento cookies<\/button><\/p>\n\n\n<h2 class=\"wp-block-heading\">Base legal<\/h2>\n\n\n\n<p>El tratamiento de cookies se realiza conforme a la normativa vigente, incluyendo:<\/p>\n\n\n\n<ul class=\"wp-block-list\">\n<li>Ley 34\/2002 de Servicios de la Sociedad de la Informaci\u00f3n y Comercio Electr\u00f3nico<\/li>\n\n\n\n<li>Reglamento General de Protecci\u00f3n de Datos<\/li>\n<\/ul>\n\n\n\n<p><\/p>\n\n\n\n<p><\/p>\n\n\n\n<div style=\"height:48px\" aria-hidden=\"true\" class=\"wp-block-spacer\"><\/div>\n\n\n\n<p><\/p>\n","protected":false},"excerpt":{"rendered":"<p>POL\u00cdTICA DE COOKIES \u00bfQu\u00e9 son las cookies? Las cookies son peque\u00f1os archivos de texto que se almacenan en el dispositivo del usuario al navegar por un sitio web. Tipos de cookies utilizadas Este sitio web utiliza \u00fanicamente: Cookies propias Cookie Finalidad Duraci\u00f3n pll_language Gesti\u00f3n del idioma 1 a\u00f1o NFWSESSID Gesti\u00f3n de sesi\u00f3n Sesi\u00f3n wordpress_test_cookie Verificaci\u00f3n&hellip;<\/p>\n<p class=\"more-link\"><a href=\"https:\/\/icitech.webs.upv.es\/index.php\/politica-de-cookies\/\" class=\"themebutton\">Read More<\/a><\/p>\n","protected":false},"author":1,"featured_media":0,"parent":0,"menu_order":0,"comment_status":"closed","ping_status":"closed","template":"","meta":{"_acf_changed":false,"footnotes":""},"class_list":["post-6257","page","type-page","status-publish","hentry"],"acf":[],"_links":{"self":[{"href":"https:\/\/icitech.webs.upv.es\/index.php\/wp-json\/wp\/v2\/pages\/6257","targetHints":{"allow":["GET"]}}],"collection":[{"href":"https:\/\/icitech.webs.upv.es\/index.php\/wp-json\/wp\/v2\/pages"}],"about":[{"href":"https:\/\/icitech.webs.upv.es\/index.php\/wp-json\/wp\/v2\/types\/page"}],"author":[{"embeddable":true,"href":"https:\/\/icitech.webs.upv.es\/index.php\/wp-json\/wp\/v2\/users\/1"}],"replies":[{"embeddable":true,"href":"https:\/\/icitech.webs.upv.es\/index.php\/wp-json\/wp\/v2\/comments?post=6257"}],"version-history":[{"count":7,"href":"https:\/\/icitech.webs.upv.es\/index.php\/wp-json\/wp\/v2\/pages\/6257\/revisions"}],"predecessor-version":[{"id":6311,"href":"https:\/\/icitech.webs.upv.es\/index.php\/wp-json\/wp\/v2\/pages\/6257\/revisions\/6311"}],"wp:attachment":[{"href":"https:\/\/icitech.webs.upv.es\/index.php\/wp-json\/wp\/v2\/media?parent=6257"}],"curies":[{"name":"wp","href":"https:\/\/api.w.org\/{rel}","templated":true}]}}