{"id":815,"date":"2020-03-11T12:04:06","date_gmt":"2020-03-11T12:04:06","guid":{"rendered":"https:\/\/icitech.webs.upv.es\/?page_id=815"},"modified":"2024-07-01T16:40:57","modified_gmt":"2024-07-01T16:40:57","slug":"contacto","status":"publish","type":"page","link":"https:\/\/icitech.webs.upv.es\/index.php\/home\/contacto\/","title":{"rendered":"Contacto"},"content":{"rendered":"\n<div style=\"height:80px\" aria-hidden=\"true\" class=\"wp-block-spacer\"><\/div>\n\n\n\n<h1 class=\"wp-block-heading has-text-align-left has-vivid-red-color has-text-color\"><strong>CONTACTO<\/strong><\/h1>\n\n\n\n<div style=\"height:20px\" aria-hidden=\"true\" class=\"wp-block-spacer\"><\/div>\n\n\n\n<div class=\"wp-block-columns is-layout-flex wp-container-core-columns-is-layout-9d6595d7 wp-block-columns-is-layout-flex\">\n<div class=\"wp-block-column is-vertically-aligned-top is-layout-flow wp-block-column-is-layout-flow\">\n<iframe loading=\"lazy\" src=\"https:\/\/www.google.com\/maps\/embed?pb=!1m14!1m8!1m3!1d24636.08394845414!2d-0.343444!3d39.480386!3m2!1i1024!2i768!4f13.1!3m3!1m2!1s0x0%3A0x73cf90f4c011b2f3!2sICITECH!5e0!3m2!1ses!2ses!4v1588073664923!5m2!1ses!2ses\" width=\"600\" height=\"300\" frameborder=\"0\" style=\"border:0;\" allowfullscreen=\"\" aria-hidden=\"false\" tabindex=\"0\"><\/iframe>\n<\/div>\n\n\n\n<div class=\"wp-block-column is-layout-flow wp-block-column-is-layout-flow\">\n<p><strong>Direcci\u00f3n electr\u00f3nica:<\/strong> info@icitech.upv.es<\/p>\n\n\n\n<p><strong>P\u00e1gina web:<\/strong> <a rel=\"noreferrer noopener\" href=\"http:\/\/www.icitech.upv.es\" target=\"_blank\">http:\/\/www.icitech.upv.es<\/a><\/p>\n\n\n\n<p><strong>Direcci\u00f3n postal:<\/strong> IU de Ciencia y Tecnolog\u00eda del Hormig\u00f3n. Camino de Vera, s\/n. 46022, Valencia<\/p>\n\n\n\n<p><strong>Ubicaci\u00f3n:<\/strong> Edificio 4N<\/p>\n\n\n\n<p><strong>C\u00f3mo llegar:<\/strong> <a rel=\"noreferrer noopener\" href=\"http:\/\/www.upv.es\/otros\/como-llegar-upv\/index-es.html\" target=\"_blank\">http:\/\/www.upv.es\/otros\/como-llegar-upv\/index-es.html<\/a><\/p>\n<\/div>\n<\/div>\n\n\n\n<div style=\"height:20px\" aria-hidden=\"true\" class=\"wp-block-spacer\"><\/div>\n\n\n\n<figure class=\"wp-block-table is-style-stripes\"><table class=\"has-fixed-layout\"><thead><tr><th class=\"has-text-align-center\" data-align=\"center\">Externo<\/th><th class=\"has-text-align-center\" data-align=\"center\">Extensi\u00f3n<\/th><th class=\"has-text-align-center\" data-align=\"center\">Servicio<\/th><\/tr><\/thead><tbody><tr><td class=\"has-text-align-center\" data-align=\"center\">+34 963877000<\/td><td class=\"has-text-align-center\" data-align=\"center\">88346<\/td><td class=\"has-text-align-center\" data-align=\"center\">Informaci\u00f3n<\/td><\/tr><tr><td class=\"has-text-align-center\" data-align=\"center\">+34 963877000<\/td><td class=\"has-text-align-center\" data-align=\"center\">88345<\/td><td class=\"has-text-align-center\" data-align=\"center\">Facturaci\u00f3n<\/td><\/tr><tr><td class=\"has-text-align-center\" data-align=\"center\">+34 963877000<\/td><td class=\"has-text-align-center\" data-align=\"center\">88349<\/td><td class=\"has-text-align-center\" data-align=\"center\">Direcci\u00f3n<\/td><\/tr><\/tbody><\/table><\/figure>\n\n\n\n<div style=\"height:50px\" aria-hidden=\"true\" class=\"wp-block-spacer\"><\/div>\n","protected":false},"excerpt":{"rendered":"<p>CONTACTO Direcci\u00f3n electr\u00f3nica: info@icitech.upv.es P\u00e1gina web: http:\/\/www.icitech.upv.es Direcci\u00f3n postal: IU de Ciencia y Tecnolog\u00eda del Hormig\u00f3n. Camino de Vera, s\/n. 46022, Valencia Ubicaci\u00f3n: Edificio 4N C\u00f3mo llegar: http:\/\/www.upv.es\/otros\/como-llegar-upv\/index-es.html Externo Extensi\u00f3n Servicio +34 963877000 88346 Informaci\u00f3n +34 963877000 88345 Facturaci\u00f3n +34 963877000 88349 Direcci\u00f3n<\/p>\n","protected":false},"author":1,"featured_media":0,"parent":795,"menu_order":0,"comment_status":"closed","ping_status":"closed","template":"","meta":{"_acf_changed":false,"footnotes":""},"class_list":["post-815","page","type-page","status-publish","hentry"],"acf":[],"_links":{"self":[{"href":"https:\/\/icitech.webs.upv.es\/index.php\/wp-json\/wp\/v2\/pages\/815","targetHints":{"allow":["GET"]}}],"collection":[{"href":"https:\/\/icitech.webs.upv.es\/index.php\/wp-json\/wp\/v2\/pages"}],"about":[{"href":"https:\/\/icitech.webs.upv.es\/index.php\/wp-json\/wp\/v2\/types\/page"}],"author":[{"embeddable":true,"href":"https:\/\/icitech.webs.upv.es\/index.php\/wp-json\/wp\/v2\/users\/1"}],"replies":[{"embeddable":true,"href":"https:\/\/icitech.webs.upv.es\/index.php\/wp-json\/wp\/v2\/comments?post=815"}],"version-history":[{"count":0,"href":"https:\/\/icitech.webs.upv.es\/index.php\/wp-json\/wp\/v2\/pages\/815\/revisions"}],"up":[{"embeddable":true,"href":"https:\/\/icitech.webs.upv.es\/index.php\/wp-json\/wp\/v2\/pages\/795"}],"wp:attachment":[{"href":"https:\/\/icitech.webs.upv.es\/index.php\/wp-json\/wp\/v2\/media?parent=815"}],"curies":[{"name":"wp","href":"https:\/\/api.w.org\/{rel}","templated":true}]}}