{"id":994,"date":"2020-03-12T12:02:24","date_gmt":"2020-03-12T12:02:24","guid":{"rendered":"https:\/\/icitech.webs.upv.es\/?page_id=994"},"modified":"2021-02-17T09:20:31","modified_gmt":"2021-02-17T09:20:31","slug":"objetivos","status":"publish","type":"page","link":"https:\/\/icitech.webs.upv.es\/index.php\/home\/presentacion\/objetivos\/","title":{"rendered":"Objetivos"},"content":{"rendered":"<div><ss3-force-full-width data-overflow-x=\"body\" data-horizontal-selector=\"body\"><div class=\"n2-section-smartslider fitvidsignore \" data-ssid=\"22\" tabindex=\"0\" role=\"region\" aria-label=\"Slider\"><div id=\"n2-ss-22-align\" class=\"n2-ss-align\"><div class=\"n2-padding\"><div id=\"n2-ss-22\" data-creator=\"Smart Slider 3\" data-responsive=\"fullwidth\" class=\"n2-ss-slider n2-ow n2-has-hover n2notransition  \">\n        <div class=\"n2-ss-slider-1 n2_ss__touch_element n2-ow\">\n            <div class=\"n2-ss-slider-2 n2-ow\">\n                                                <div class=\"n2-ss-slider-3 n2-ow\">\n\n                    <div class=\"n2-ss-slide-backgrounds n2-ow-all\"><div class=\"n2-ss-slide-background\" data-public-id=\"1\" data-mode=\"fill\"><div class=\"n2-ss-slide-background-image\" data-blur=\"0\" data-opacity=\"100\" data-x=\"53\" data-y=\"48\" data-alt=\"\" data-title=\"\" style=\"--ss-o-pos-x:53%;--ss-o-pos-y:48%\"><picture class=\"skip-lazy\" data-skip-lazy=\"1\"><img decoding=\"async\" src=\"\/\/icitech.webs.upv.es\/wp-content\/uploads\/2020\/06\/23.jpg\" alt=\"\" title=\"\" loading=\"lazy\" class=\"skip-lazy\" data-skip-lazy=\"1\"><\/picture><\/div><div data-color=\"RGBA(255,255,255,0)\" style=\"background-color: RGBA(255,255,255,0);\" class=\"n2-ss-slide-background-color\"><\/div><\/div><\/div>                    <div class=\"n2-ss-slider-4 n2-ow\">\n                        <svg xmlns=\"http:\/\/www.w3.org\/2000\/svg\" viewBox=\"0 0 1200 200\" data-related-device=\"desktopPortrait\" class=\"n2-ow n2-ss-preserve-size n2-ss-preserve-size--slider n2-ss-slide-limiter\"><\/svg><div data-first=\"1\" data-slide-duration=\"0\" data-id=\"33\" data-slide-public-id=\"1\" data-title=\".\" class=\"n2-ss-slide n2-ow  n2-ss-slide-33\"><div role=\"note\" class=\"n2-ss-slide--focus\" tabindex=\"-1\">.<\/div><div class=\"n2-ss-layers-container n2-ss-slide-limiter n2-ow\"><div class=\"n2-ss-layer n2-ow n-uc-t4wk0lJ69Puf\" data-sstype=\"slide\" data-pm=\"default\"><\/div><\/div><\/div>                    <\/div>\n\n                                    <\/div>\n            <\/div>\n        <\/div>\n        <\/div><ss3-loader><\/ss3-loader><\/div><\/div><div class=\"n2_clear\"><\/div><\/div><\/ss3-force-full-width><\/div>\n\n\n<div style=\"height:70px\" aria-hidden=\"true\" class=\"wp-block-spacer\"><\/div>\n\n\n\n<h1 class=\"has-vivid-red-color has-text-color wp-block-heading\"><strong>OBJETIVOS<\/strong><\/h1>\n\n\n\n<p><\/p>\n\n\n\n<ol class=\"wp-block-list\"><li>Fomentar y promover la investigaci\u00f3n de calidad, b\u00e1sica y aplicada, a trav\u00e9s de la realizaci\u00f3n de proyectos de I+D.<\/li><li>Potenciar la transferencia de tecnolog\u00eda a las empresas del sector, tanto en el \u00e1mbito regional como nacional, mediante la firma de convenios de colaboraci\u00f3n de I+D, que respondan a los intereses de las mismas, e incrementen su capacidad innovadora y su competitividad.<\/li><li>Ofertar servicios t\u00e9cnicos y consultor\u00eda a empresas e instituciones, a trav\u00e9s de personal especializado.<\/li><li>Potenciar el car\u00e1cter multidisciplinar con alto valor a\u00f1adido del Instituto aumentando la concentraci\u00f3n de recursos humanos dedicados al \u00e1rea de la construcci\u00f3n.<\/li><li>Potenciar la participaci\u00f3n de los miembros del Instituto en redes tem\u00e1ticas de inter\u00e9s, tanto de car\u00e1cter nacional como especialmente de car\u00e1cter internacional, al objeto de favorecer el intercambio de conocimientos b\u00e1sicos y tecnol\u00f3gicos.<\/li><li>Potenciar los foros de participaci\u00f3n y discusi\u00f3n de los temas de futuro en el campo de la ciencia y tecnolog\u00eda del hormig\u00f3n, y dise\u00f1ar l\u00edneas de actuaci\u00f3n que puedan constituirse como referente a nivel cient\u00edfico e industrial.<\/li><li>Desarrollar programas de intercambio de especialistas en la materia central del Instituto, y organizar reuniones, congresos y otras actividades que permitan el intercambio y comunicaci\u00f3n entre los diferentes grupos de investigaci\u00f3n<\/li><\/ol>\n\n\n\n<div style=\"height:50px\" aria-hidden=\"true\" class=\"wp-block-spacer\"><\/div>\n\n\n\n<p><\/p>\n","protected":false},"excerpt":{"rendered":"<p>OBJETIVOS Fomentar y promover la investigaci\u00f3n de calidad, b\u00e1sica y aplicada, a trav\u00e9s de la realizaci\u00f3n de proyectos de I+D. Potenciar la transferencia de tecnolog\u00eda a las empresas del sector, tanto en el \u00e1mbito regional como nacional, mediante la firma de convenios de colaboraci\u00f3n de I+D, que respondan a los intereses de las mismas, e&hellip;<\/p>\n<p class=\"more-link\"><a href=\"https:\/\/icitech.webs.upv.es\/index.php\/home\/presentacion\/objetivos\/\" class=\"themebutton\">Read More<\/a><\/p>\n","protected":false},"author":1,"featured_media":0,"parent":844,"menu_order":0,"comment_status":"closed","ping_status":"closed","template":"","meta":{"_acf_changed":false,"footnotes":""},"class_list":["post-994","page","type-page","status-publish","hentry"],"acf":[],"_links":{"self":[{"href":"https:\/\/icitech.webs.upv.es\/index.php\/wp-json\/wp\/v2\/pages\/994","targetHints":{"allow":["GET"]}}],"collection":[{"href":"https:\/\/icitech.webs.upv.es\/index.php\/wp-json\/wp\/v2\/pages"}],"about":[{"href":"https:\/\/icitech.webs.upv.es\/index.php\/wp-json\/wp\/v2\/types\/page"}],"author":[{"embeddable":true,"href":"https:\/\/icitech.webs.upv.es\/index.php\/wp-json\/wp\/v2\/users\/1"}],"replies":[{"embeddable":true,"href":"https:\/\/icitech.webs.upv.es\/index.php\/wp-json\/wp\/v2\/comments?post=994"}],"version-history":[{"count":0,"href":"https:\/\/icitech.webs.upv.es\/index.php\/wp-json\/wp\/v2\/pages\/994\/revisions"}],"up":[{"embeddable":true,"href":"https:\/\/icitech.webs.upv.es\/index.php\/wp-json\/wp\/v2\/pages\/844"}],"wp:attachment":[{"href":"https:\/\/icitech.webs.upv.es\/index.php\/wp-json\/wp\/v2\/media?parent=994"}],"curies":[{"name":"wp","href":"https:\/\/api.w.org\/{rel}","templated":true}]}}